{"id":15140,"date":"2022-12-28T13:04:33","date_gmt":"2022-12-28T11:04:33","guid":{"rendered":"https:\/\/www.atributika.vu.lt\/parduotuve\/uncategorized\/vu-culture-centre-postcards-set-open-but-personal-a-letter-to-your-land\/"},"modified":"2025-11-04T08:05:22","modified_gmt":"2025-11-04T06:05:22","slug":"atvirlaiskiu-rinkinys-atviras-bet-asmeninis-laiskas-tavo-krastui","status":"publish","type":"product","link":"https:\/\/www.atributika.vu.lt\/en\/parduotuve\/production-of-vilnius-university-culture-centre\/atvirlaiskiu-rinkinys-atviras-bet-asmeninis-laiskas-tavo-krastui\/","title":{"rendered":"VU Culture Centre postcards set &#8220;Open but personal: a letter to your land&#8221;"},"content":{"rendered":"","protected":false},"excerpt":{"rendered":"<p style=\"font-weight: 400;\">&#8220;Open, but personal: a letter to your country&#8221; is a collection of postcards decorated with photos from the folk costume collection of the Vilnius University folklore ensemble &#8220;Ratilio&#8221;. The set consists of 25 different postcards, on which different national costumes worn by ensemble members are displayed. MORE DESCRIPTION IN AVAILABLE ONLY IN LITHUANIAN LANGUAGE Atvirlai\u0161ki\u0173 nugar\u0117l\u0117je yra QR kodas, kur\u012f nuskenavus galima ap\u017ei\u016br\u0117ti kostiumo detales i\u0161 ar\u010diau ir paskaityti tautodailinink\u0117s Astos Vandyt\u0117s komentar\u0105. Ansamblis viliasi, kad \u0161is leidinys bus mielas ir \u017eaismingas b\u016bdas visiems, neabejingiems etninei kult\u016brai, pa\u017einti savo kra\u0161t\u0105 ir papasakoti apie j\u012f kitiems.<\/p>\n<p style=\"font-weight: 400;\">Leidinys yra ansamblio 55-me\u010dio proga parengto projekto \u201e5&#215;5 tradicijos: Lietuvos etnografini\u0173 region\u0173 folkloras\u201c dalis. Projekt\u0105 finansuoja Lietuvos kult\u016bros taryba.<\/p>\n<p style=\"font-weight: 400;\">Sudarytojas<b><strong> Vilius Marma<\/strong><\/b><\/p>\n<p style=\"font-weight: 400;\">Fotograf\u0117 ir dizainer\u0117<b><strong> Alg\u0117 Rykova<\/strong><\/b><\/p>\n<p style=\"font-weight: 400;\">Konsultant\u0117 <b><strong>Asta Vandyt\u0117<\/strong><\/b><\/p>\n<p style=\"font-weight: 400;\">Kalbos redaktor\u0117<b><strong> Julija Vilkait\u0117<\/strong><\/b><\/p>\n<p style=\"font-weight: 400;\">\u00a9 Vilniaus universitetas, 2022<\/p>\n<p style=\"font-weight: 400;\">Atvirlai\u0161ki\u0173 rinkinys parduodamas supakuotas voko tipo d\u0117\u017eut\u0117je, labiausiai patikusius atvirlai\u0161kius taip pat galima \u012fsigyti po vien\u0105.<\/p>\n<p style=\"font-weight: 400;\">Format: A6<\/p>\n<p style=\"font-weight: 400;\">Atvirlai\u0161kiai:<\/p>\n<p style=\"font-weight: 400;\">A1: XIX a. pab. Auk\u0161taitijos moters kostiumas<\/p>\n<p style=\"font-weight: 400;\">A2: XIX a. pab. Auk\u0161taitijos merginos kostiumas<\/p>\n<p style=\"font-weight: 400;\">A3: XIX a. pab. Auk\u0161taitijos merginos kostiumas<\/p>\n<p style=\"font-weight: 400;\">A4: XIX a. pab. Auk\u0161taitijos vaikino kostiumas<\/p>\n<p style=\"font-weight: 400;\">A5: XIX a. pab. Auk\u0161taitijos vyro kostiumas<\/p>\n<p style=\"font-weight: 400;\">D1: XIX\u2013XX a. pr. Dz\u016bkijos (Dainavos) merginos kostiumas<\/p>\n<p style=\"font-weight: 400;\">D2: XIX\u2013XX a. pr. Dz\u016bkijos (Dainavos) merginos kostiumas<\/p>\n<p style=\"font-weight: 400;\">D3: XIX\u2013XX a. pr. Dz\u016bkijos (Dainavos) merginos kostiumas<\/p>\n<p style=\"font-weight: 400;\">D4: XIX\u2013XX a. pr. Dz\u016bkijos (Dainavos) vaikino kostiumas<\/p>\n<p style=\"font-weight: 400;\">D5: XIX\u2013XX a. pr. Dz\u016bkijos (Dainavos) vaikino kostiumas<\/p>\n<p style=\"font-weight: 400;\">M1: XIX a. pab. \u2013 XX a. pr. Ma\u017eosios Lietuvos merginos kostiumas<\/p>\n<p style=\"font-weight: 400;\">M2: XVIII a. pab. \u2013 XIX a. vid. Ma\u017eosios Lietuvos merginos kostiumas<\/p>\n<p style=\"font-weight: 400;\">M3: XVIII a. pab. \u2013 XIX a. vid. Ma\u017eosios Lietuvos merginos kostiumas<\/p>\n<p style=\"font-weight: 400;\">M4: XIX a. vid. Ma\u017eosios Lietuvos vyro kostiumas<\/p>\n<p style=\"font-weight: 400;\">M5: XIX a. vid. Ma\u017eosios Lietuvos vaikino kostiumas<\/p>\n<p style=\"font-weight: 400;\">S1: XIX\u2013XX a. pr. Suvalkijos (S\u016bduvos) moters kostiumas<\/p>\n<p style=\"font-weight: 400;\">S2: XIX\u2013XX a. pr. Suvalkijos (S\u016bduvos) merginos kostiumas<\/p>\n<p style=\"font-weight: 400;\">S3: XIX\u2013XX a. pr. Suvalkijos (S\u016bduvos) merginos kostiumas<\/p>\n<p style=\"font-weight: 400;\">S4: XIX\u2013XX a. pr. Suvalkijos (S\u016bduvos) moters kostiumas<\/p>\n<p style=\"font-weight: 400;\">S5: XIX\u2013XX a. pr. Suvalkijos (S\u016bduvos) vaikino kostiumas<\/p>\n<p style=\"font-weight: 400;\">\u017d1: XIX\u2013XX a. pr. \u017demaitijos merginos kostiumas<\/p>\n<p style=\"font-weight: 400;\">\u017d2: XIX\u2013XX a. pr. \u017demaitijos moters kostiumas<\/p>\n<p style=\"font-weight: 400;\">\u017d3: XIX\u2013XX a. pr. \u017demaitijos moters kostiumas<\/p>\n<p style=\"font-weight: 400;\">\u017d4: XIX\u2013XX a. pr. \u017demaitijos vyro kostiumas<\/p>\n<p style=\"font-weight: 400;\">\u017d5: XIX\u2013XX a. pr. \u017demaitijos vaikino kostiumas<\/p>\n","protected":false},"featured_media":14931,"comment_status":"open","ping_status":"closed","template":"","meta":[],"product_brand":[],"product_cat":[187],"product_tag":[],"class_list":{"0":"post-15140","1":"product","2":"type-product","3":"status-publish","4":"has-post-thumbnail","6":"product_cat-production-of-vilnius-university-culture-centre","8":"first","9":"instock","10":"taxable","11":"shipping-taxable","12":"purchasable","13":"product-type-simple"},"_links":{"self":[{"href":"https:\/\/www.atributika.vu.lt\/en\/wp-json\/wp\/v2\/product\/15140","targetHints":{"allow":["GET"]}}],"collection":[{"href":"https:\/\/www.atributika.vu.lt\/en\/wp-json\/wp\/v2\/product"}],"about":[{"href":"https:\/\/www.atributika.vu.lt\/en\/wp-json\/wp\/v2\/types\/product"}],"replies":[{"embeddable":true,"href":"https:\/\/www.atributika.vu.lt\/en\/wp-json\/wp\/v2\/comments?post=15140"}],"version-history":[{"count":0,"href":"https:\/\/www.atributika.vu.lt\/en\/wp-json\/wp\/v2\/product\/15140\/revisions"}],"wp:featuredmedia":[{"embeddable":true,"href":"https:\/\/www.atributika.vu.lt\/en\/wp-json\/wp\/v2\/media\/14931"}],"wp:attachment":[{"href":"https:\/\/www.atributika.vu.lt\/en\/wp-json\/wp\/v2\/media?parent=15140"}],"wp:term":[{"taxonomy":"product_brand","embeddable":true,"href":"https:\/\/www.atributika.vu.lt\/en\/wp-json\/wp\/v2\/product_brand?post=15140"},{"taxonomy":"product_cat","embeddable":true,"href":"https:\/\/www.atributika.vu.lt\/en\/wp-json\/wp\/v2\/product_cat?post=15140"},{"taxonomy":"product_tag","embeddable":true,"href":"https:\/\/www.atributika.vu.lt\/en\/wp-json\/wp\/v2\/product_tag?post=15140"}],"curies":[{"name":"wp","href":"https:\/\/api.w.org\/{rel}","templated":true}]}}