{"id":15249,"date":"2022-11-15T13:14:08","date_gmt":"2022-11-15T11:14:08","guid":{"rendered":"https:\/\/www.atributika.vu.lt\/parduotuve\/uncategorized\/vilniaus-university-chamber-orchestra-40\/"},"modified":"2022-11-15T13:14:08","modified_gmt":"2022-11-15T13:14:08","slug":"vilniaus-universiteto-kameriniam-orkestrui-40","status":"publish","type":"product","link":"https:\/\/www.atributika.vu.lt\/en\/parduotuve\/production-of-vilnius-university-culture-centre\/vilniaus-universiteto-kameriniam-orkestrui-40\/","title":{"rendered":"Vilniaus University Chamber Orchestra \u2013 40"},"content":{"rendered":"","protected":false},"excerpt":{"rendered":"<p>Forever young, forever bursting with youthful energy, the VILNIUS UNIVERSITY CHAMBER ORCHESTRA celebrates its fortieth anniversary this year and continues to thrive as one of the prime exponents of rich cultural life in Lithuania\u2019s oldest university. MORE INFORMATION AVAILABLE ONLY IN LITHUANIAN LANGUAGE.<br \/>\nOrkestro gyvybingum\u0105, pasiekt\u0105 meistri\u0161kumo lyg\u012f i\u0161kalbingai liudija trumpa skai\u010di\u0173 ir fakt\u0173 suvestin\u0117: nuo senosios muzikos kvarteto (1979 m.) iki kamerinio orkestro (2002 m.) i\u0161augusiame kolektyve per vis\u0105 istorij\u0105 yra grie\u017e\u0119 136 \u012fvairi\u0173 specialybi\u0173 studentai; surengta daugiau kaip 800 koncert\u0173; \u012fvaldytas gausus \u012fvairi\u0173 \u017eanr\u0173 repertuaras nuo baroko iki populiarios \u0161iuolaikin\u0117s muzikos; i\u0161leisti keturi \u012fra\u0161\u0173 leidiniai, nema\u017ea re\u010diau skamban\u010di\u0173 k\u016brini\u0173 \u012fra\u0161yta Lietuvos radijo fondams; 2017 m. orkestras pripa\u017eintas geriausiu kolektyvu Pasaulio orkestr\u0173 festivalyje Vienoje, jam \u012fteikta Aukso premija ir specialus Garb\u0117s diplomas, bet kol kas auk\u0161\u010diausiu profesionalumo \u012fvertinimu tapo galimyb\u0117 koncertuoti vienoje geriausios akustikos sali\u0173 visame pasaulyje \u2013 Vienos muzik\u0173 draugijos Auksin\u0117je sal\u0117je.<br \/>\nTre\u010diojoje VU kamerinio orkestro kompaktin\u0117je plok\u0161tel\u0117je skamba 2017\u20122018 m. \u012fra\u0161yti keturi k\u016briniai, chronologi\u0161kai atspindintys pagrindinius jo repertuaro d\u0117menis.<\/p>\n<p>Turinys<br \/>\nGEORG PHILIPP TELEMANN (1681\u20121767)<br \/>\nUverti\u016bra (siuita) e-moll, TWV 55:e1 dviem fleitoms, styginiams ir basso continuo, i\u0161 rinkinio \u201eTafelmusik\u201c<br \/>\n1. I. Ouverture: Lentement \u2013 Vite \u2013 Lentement 5:42<br \/>\n2. II. R\u00e9jouissance 2:27<br \/>\n3. III. Rondeau 2:26<br \/>\n4. IV. Loure 2:21<br \/>\n5. V. Passepied 3:10<br \/>\n6. VI. Air: Un peu vivement 4:23<br \/>\n7. VII. Gigue 2:24<\/p>\n<p>GUSTAV HOLST (1874\u20121934)<br \/>\n\u201e\u0160v. Pauliaus siuita\u201c stygini\u0173 orkestrui, op. 20, Nr. 2 (1913)<br \/>\n8. I. Jig.Vivace 3:24<br \/>\n9. II. Ostinato. Presto 2:04<br \/>\n10. III. Intermezzo. Andante con moto 4:27<br \/>\n11. IV. Finale (The Dargason). Allegro 3:52<\/p>\n<p>GIEDRIUS KUPREVI\u010cIUS (*1944)<br \/>\n12. \u201eElegija T\u0117vyn\u0119 palikusiems\u201c akordeonui ir stygini\u0173 orkestrui (2009) 14:09<\/p>\n<p>JULIUS ANDREJEVAS (1942\u20122016)<br \/>\n13. \u201eNegr\u012f\u017etan\u010diam pauk\u0161\u010diui\u201c fortepijonui ir stygini\u0173 orkestrui (2011) 8:33<br \/>\nBendra trukm\u0117: 57:22<\/p>\n","protected":false},"featured_media":14835,"comment_status":"open","ping_status":"closed","template":"","meta":[],"product_brand":[],"product_cat":[187,181],"product_tag":[],"class_list":{"0":"post-15249","1":"product","2":"type-product","3":"status-publish","4":"has-post-thumbnail","6":"product_cat-production-of-vilnius-university-culture-centre","7":"product_cat-visos-prekes-en","9":"first","10":"instock","11":"taxable","12":"shipping-taxable","13":"purchasable","14":"product-type-simple"},"_links":{"self":[{"href":"https:\/\/www.atributika.vu.lt\/en\/wp-json\/wp\/v2\/product\/15249","targetHints":{"allow":["GET"]}}],"collection":[{"href":"https:\/\/www.atributika.vu.lt\/en\/wp-json\/wp\/v2\/product"}],"about":[{"href":"https:\/\/www.atributika.vu.lt\/en\/wp-json\/wp\/v2\/types\/product"}],"replies":[{"embeddable":true,"href":"https:\/\/www.atributika.vu.lt\/en\/wp-json\/wp\/v2\/comments?post=15249"}],"version-history":[{"count":0,"href":"https:\/\/www.atributika.vu.lt\/en\/wp-json\/wp\/v2\/product\/15249\/revisions"}],"wp:featuredmedia":[{"embeddable":true,"href":"https:\/\/www.atributika.vu.lt\/en\/wp-json\/wp\/v2\/media\/14835"}],"wp:attachment":[{"href":"https:\/\/www.atributika.vu.lt\/en\/wp-json\/wp\/v2\/media?parent=15249"}],"wp:term":[{"taxonomy":"product_brand","embeddable":true,"href":"https:\/\/www.atributika.vu.lt\/en\/wp-json\/wp\/v2\/product_brand?post=15249"},{"taxonomy":"product_cat","embeddable":true,"href":"https:\/\/www.atributika.vu.lt\/en\/wp-json\/wp\/v2\/product_cat?post=15249"},{"taxonomy":"product_tag","embeddable":true,"href":"https:\/\/www.atributika.vu.lt\/en\/wp-json\/wp\/v2\/product_tag?post=15249"}],"curies":[{"name":"wp","href":"https:\/\/api.w.org\/{rel}","templated":true}]}}