{"id":15254,"date":"2022-11-15T13:12:14","date_gmt":"2022-11-15T11:12:14","guid":{"rendered":"https:\/\/www.atributika.vu.lt\/parduotuve\/uncategorized\/vilnius-university-wind-orchestra-oktava-music-that-unites-us\/"},"modified":"2022-11-15T13:12:14","modified_gmt":"2022-11-15T13:12:14","slug":"vilniaus-universiteto-puciamuju-orkestras-oktava-muzika-kuri-jungia","status":"publish","type":"product","link":"https:\/\/www.atributika.vu.lt\/en\/parduotuve\/production-of-vilnius-university-culture-centre\/vilniaus-universiteto-puciamuju-orkestras-oktava-muzika-kuri-jungia\/","title":{"rendered":"Vilnius University Wind Orchestra &#8220;Oktava&#8221;. Music that Unites us"},"content":{"rendered":"","protected":false},"excerpt":{"rendered":"<p>Vilnius University Orchestra Oktava was founded in 1951 and has existed for nearly 70 years. MORE INFORMATION AVAILABLE ONLY IN LITHUANIAN LANGUAGE. Orkestrui vadovauja maestro Albinas Ku\u010dinskas, kurio talentu su\u017eadinti meil\u0119 muzikai ir suburti jaunuosius muzikantus i\u0161 visos Lietuvos \u017eavisi m\u016bs\u0173 \u0161alies muzikin\u0117 bendruomen\u0117. Per vis\u0105 \u0161\u012f laik\u0105, besikei\u010diant orkestro kartoms, \u201eOktava\u201c sugeb\u0117jo i\u0161likti ir auk\u0161\u010diausiomis natomis suskamb\u0117ti daugyb\u0117je koncert\u0173 Lietuvoje ir u\u017esienyje. Orkestro narius vienija meil\u0117 \u012fvairiai muzikai ir gyvam jos atlikimui. Kolektyvo repertuar\u0105 sudaro d\u017eiazo, klasikos, soulo, fanko, roko, pop bei \u017eygiavimo muzikos k\u016briniai. Grojimas \u0161iame orkestre suteikia galimyb\u0119 susipa\u017einti tiek su pasaulin\u012f pripa\u017einim\u0105 pelniusiais k\u016briniais, tiek su modernia, ma\u017eiau gird\u0117ta nauj\u0173j\u0173 laik\u0173 muzika.<br \/>\n\u201eMuzika, kuri jungia\u201d \u2013 jau antrasis Vilniaus universiteto pu\u010diam\u0173j\u0173 orkestro \u201eOktava\u201c albumas. Muzika mums pad\u0117jo atrasti ir sutikti vieniems kitus, su\u017einoti ir suprasti kiekvieno muzikin\u012f skon\u012f ir nor\u0105, o galiausiai bendromis j\u0117gomis, id\u0117jomis ir garsais sukurti tai, kas d\u017eiugint\u0173 ne tik mus pa\u010dius, bet, viliam\u0117s, ir skirting\u0173 kart\u0173 klausytojus. Albume \u2013 rinktiniai naujausi\u0173 orkestro koncertini\u0173 program\u0173 k\u016briniai. Visi jie savo stilistika, \u017eanrine \u012fvairove ir sud\u0117tingumu atskleid\u017eia \u201eOktavos\u201c universalum\u0105 ir plat\u0173 orkestro repertuar\u0105.<br \/>\nLinkime Jums kuo geriausi\u0173 \u012fsp\u016bd\u017ei\u0173 besiklausant muzikos, sujungusios mus!<br \/>\nTurinys<br \/>\n1. SYMPHONIC ROCK, Phil Collins, Freddie Mercury, Brian May, aran\u017e. Gilbert Tinner 8:11<br \/>\nSolist\u0117 Dovil\u0117 Virbalait\u0117 (el. gitara)<br \/>\n2. ANOTHER BRICK IN THE WALL, Roger Waters, aran\u017e. Lorenzo Bocci 4:19<br \/>\nSolistas Aidas Tamulevi\u010dius (el. gitara)<br \/>\n3. CALL ME IRRESPONSIBLE, Sammy Cahn, James Van Heusen, aran\u017e. Jerry Nowak, i\u0161 filmo Papa\u2018s Delicate Condition 3:08<br \/>\nDainuoja Martyna Ku\u010dyt\u0117<br \/>\n4. PARIS MONTMARTRE, Hubert Giraud, George Auric, Louis Abel, Pierre Louiguy, Joseph Kosma, Henri Betti, aran\u017e. Toshio Mashima 8:45<br \/>\nSolistai: Aistis Tamulevi\u010dius (akordeonas), Kristijonas Sakalauskas (trimitas), Antanas Daug\u0117la (trombonas)<br \/>\n5. THE NUTCRACKER SWING, Pyotr Ilyich Tchaikovsky, aran\u017e. Hans Joachim Rhinow 7:49<br \/>\nSolistai: Aidas Tamulevi\u010dius (el. gitara), Ri\u010dardas Jenkelevi\u010dius (bosinis trombonas)<br \/>\n6. TEACH ME TONIGHT, Sammy Cahn, Gene DePaul, aran\u017e. Sammy Nestico 2:34<br \/>\nDainuoja Paulius Noreika<br \/>\n7. ARETHA!, aran\u017e. Gilbert Tinner 7:40<br \/>\n8. FUNKY SMILE, Linas Rup\u0161laukis 3:01<br \/>\n9. BABY, IT\u2018S COLD OUTSIDE, Frank Loesser, aran\u017e. Paul Murtha 4:01<br \/>\nDainuoja Julija \u0160turo, Paulius Noreika.<br \/>\n10. STEAMPUNK, Erik Morales 5:46<br \/>\nSolist\u0117 Dovil\u0117 Virbalait\u0117 (el. gitara)<br \/>\n11. COLD DUCK TIME, Eddie Harris, aran\u017e. Erik Morales 4:01<br \/>\nSolistai: Irina Bukina (fleita), Aurelijus Kauneckis (altinis saksofonas), Aidas Tamulevi\u010dius (el. gitarar)<br \/>\n12. CUT THE CAKE, James Stuart, Alan Gorrie, Roger Ball, Owen McIntyre, aran\u017e. Mike Tomaro 5:14<br \/>\nSolistai: Irina Bukina (fleita), Aurelijus Kauneckis (altinis saksofonas), Domas Dringelis (tenorinis saksofonas), Kristijonas Sakalauskas (trimitas)<br \/>\n13. BLUE SKIES, Irving Berlin, aran\u017e. Roger Holmes 2:19<br \/>\nDainuoja Martyna Ku\u010dyt\u0117, solistas Evald Masalski (tenorinis saksofonas)<br \/>\n14. OUT OF THE DOGHOUSE, Erik Morales 3:27<br \/>\nSolistai: Aurelijus Kauneckis (altinis saksofonas), Evald Masalski (tenorinis saksofonas)<br \/>\n15. YOU\u2018VE GOT A FRIEND IN ME, Randy Newman, aran\u017e. Mark Taylor, i\u0161 filmo Toy Story 2:58<br \/>\nDainuoja Julija \u0160turo, solistas D\u017eiugas Sabonis (sopraninis saksofonase)<br \/>\n16. FIRESHAKER, Maynard Ferguson, Chris Braymen, adapt. Bob Lowden 5:47<br \/>\nSolistai: Kristijonas Sakalauskas (trimitas), Antanas Daug\u0117la (trombonas), Dovil\u0117 Virbalait\u0117 (el. gitara)<br \/>\nMeno vadovas ir dirigentas: Albinas Ku\u010dinskas<br \/>\nAlbumo k\u016brimo iniciatyvin\u0117 grup\u0117: Kristina Klaudija Milvyd\u0117, Irina Bukina<br \/>\nId\u0117jos, \u012fkv\u0117pimas ir palaikymas: Donatas Via\u017eevi\u010dius, Simonas Drauk\u0161as, Vera Taluntien\u0117, Albinas Ku\u010dinskas<br \/>\nVertimas \u012f angl\u0173 kalb\u0105: Aidas Tamulevi\u010dius<br \/>\nAlbumo dizaino sprendimas: Dainora Vingyt\u0117<br \/>\nGarso re\u017eisierius Justinas Ladyga<\/p>\n<p>\u012era\u0161yta Lietuvos nacionalinio kult\u016bros centro \u012fra\u0161\u0173 studijoje<\/p>\n","protected":false},"featured_media":14837,"comment_status":"open","ping_status":"closed","template":"","meta":[],"product_brand":[],"product_cat":[187,181],"product_tag":[],"class_list":{"0":"post-15254","1":"product","2":"type-product","3":"status-publish","4":"has-post-thumbnail","6":"product_cat-production-of-vilnius-university-culture-centre","7":"product_cat-visos-prekes-en","9":"first","10":"instock","11":"taxable","12":"shipping-taxable","13":"purchasable","14":"product-type-simple"},"_links":{"self":[{"href":"https:\/\/www.atributika.vu.lt\/en\/wp-json\/wp\/v2\/product\/15254","targetHints":{"allow":["GET"]}}],"collection":[{"href":"https:\/\/www.atributika.vu.lt\/en\/wp-json\/wp\/v2\/product"}],"about":[{"href":"https:\/\/www.atributika.vu.lt\/en\/wp-json\/wp\/v2\/types\/product"}],"replies":[{"embeddable":true,"href":"https:\/\/www.atributika.vu.lt\/en\/wp-json\/wp\/v2\/comments?post=15254"}],"version-history":[{"count":0,"href":"https:\/\/www.atributika.vu.lt\/en\/wp-json\/wp\/v2\/product\/15254\/revisions"}],"wp:featuredmedia":[{"embeddable":true,"href":"https:\/\/www.atributika.vu.lt\/en\/wp-json\/wp\/v2\/media\/14837"}],"wp:attachment":[{"href":"https:\/\/www.atributika.vu.lt\/en\/wp-json\/wp\/v2\/media?parent=15254"}],"wp:term":[{"taxonomy":"product_brand","embeddable":true,"href":"https:\/\/www.atributika.vu.lt\/en\/wp-json\/wp\/v2\/product_brand?post=15254"},{"taxonomy":"product_cat","embeddable":true,"href":"https:\/\/www.atributika.vu.lt\/en\/wp-json\/wp\/v2\/product_cat?post=15254"},{"taxonomy":"product_tag","embeddable":true,"href":"https:\/\/www.atributika.vu.lt\/en\/wp-json\/wp\/v2\/product_tag?post=15254"}],"curies":[{"name":"wp","href":"https:\/\/api.w.org\/{rel}","templated":true}]}}