{"id":15274,"date":"2022-11-15T12:22:47","date_gmt":"2022-11-15T10:22:47","guid":{"rendered":"https:\/\/www.atributika.vu.lt\/parduotuve\/uncategorized\/guide-to-the-old-vilnius-university-campus\/"},"modified":"2024-11-03T08:40:59","modified_gmt":"2024-11-03T06:40:59","slug":"guide-to-the-old-vilnius-university-campus","status":"publish","type":"product","link":"https:\/\/www.atributika.vu.lt\/en\/parduotuve\/production-of-vilnius-university-press\/guide-to-the-old-vilnius-university-campus\/","title":{"rendered":"Guide to the old Vilnius University Campus"},"content":{"rendered":"","protected":false},"excerpt":{"rendered":"<p>Vilnius University is an inseparable part of Vilnius and its old town, well-known to every inhabitant of the city. To the tourists and guests of Vilnius it is one of the main sights to see and visit \u2013 on par with Gediminas\u2019 Tower, Vilnius Cathedral, Vilnius Town Hall and the Church of St Peter and St Paul. The oldest institution of higher education in Lithuania, Vilnius University preserved not only its historical buildings, but also many colourful stories of individuals that studied or taught here \u2013 stories entwined in legends and worthy of a writer\u2019s quill. Academics famous all over Europe and notable men of science and culture have taught or studied in Vilnius University; the first Lithuanian book, the first dictionary, the first Lithuanian history in native tongue \u2013 all of them are closely bound to these buildings. One will be keen to notice that the students, teachers, and employees of Vilnius University can hardly resist the spirit of the old campus, its cosy courtyards, historical halls, corridors, arcades, and the history that is written daily by the new generation of students. Imaginative facts, legends, experiences, stories encourage us to wonder, study and create. There is a perpetual need for new knowledge to be acquired, new discoveries to be made, because on this campus beats the heart of curiosity and creativity. The history of the University cannot be contained by thirteen courtyards \u2013 it is scattered throughout Vilnius and beckons you for a stroll in its company.<\/p>\n<p>Lietuvi\u0173 kalba<\/p>\n<p>Mink\u0161tas vir\u0161elis<br \/>\nLeidimo metai: 2020<\/p>\n<p>Puslapi\u0173 skai\u010dius: 112<br \/>\nAuk\u0161tis 20 cm, plotis 12 cm.<\/p>\n<p>Autor\u0117: Nijol\u0117 Bulotait\u0117<\/p>\n<p>Vilniaus universiteto leidykla<br \/>\nISBN 978-609-07-0441-7<\/p>\n","protected":false},"featured_media":16392,"comment_status":"open","ping_status":"closed","template":"","meta":[],"product_brand":[],"product_cat":[188,181],"product_tag":[],"class_list":{"0":"post-15274","1":"product","2":"type-product","3":"status-publish","4":"has-post-thumbnail","6":"product_cat-production-of-vilnius-university-press","7":"product_cat-visos-prekes-en","9":"first","10":"instock","11":"taxable","12":"shipping-taxable","13":"purchasable","14":"product-type-simple"},"_links":{"self":[{"href":"https:\/\/www.atributika.vu.lt\/en\/wp-json\/wp\/v2\/product\/15274","targetHints":{"allow":["GET"]}}],"collection":[{"href":"https:\/\/www.atributika.vu.lt\/en\/wp-json\/wp\/v2\/product"}],"about":[{"href":"https:\/\/www.atributika.vu.lt\/en\/wp-json\/wp\/v2\/types\/product"}],"replies":[{"embeddable":true,"href":"https:\/\/www.atributika.vu.lt\/en\/wp-json\/wp\/v2\/comments?post=15274"}],"version-history":[{"count":0,"href":"https:\/\/www.atributika.vu.lt\/en\/wp-json\/wp\/v2\/product\/15274\/revisions"}],"wp:featuredmedia":[{"embeddable":true,"href":"https:\/\/www.atributika.vu.lt\/en\/wp-json\/wp\/v2\/media\/16392"}],"wp:attachment":[{"href":"https:\/\/www.atributika.vu.lt\/en\/wp-json\/wp\/v2\/media?parent=15274"}],"wp:term":[{"taxonomy":"product_brand","embeddable":true,"href":"https:\/\/www.atributika.vu.lt\/en\/wp-json\/wp\/v2\/product_brand?post=15274"},{"taxonomy":"product_cat","embeddable":true,"href":"https:\/\/www.atributika.vu.lt\/en\/wp-json\/wp\/v2\/product_cat?post=15274"},{"taxonomy":"product_tag","embeddable":true,"href":"https:\/\/www.atributika.vu.lt\/en\/wp-json\/wp\/v2\/product_tag?post=15274"}],"curies":[{"name":"wp","href":"https:\/\/api.w.org\/{rel}","templated":true}]}}