{"id":15290,"date":"2022-11-15T12:20:06","date_gmt":"2022-11-15T10:20:06","guid":{"rendered":"https:\/\/www.atributika.vu.lt\/parduotuve\/uncategorized\/vadovas-po-senuosius-vilniaus-universiteto-rumus\/"},"modified":"2024-03-12T12:28:33","modified_gmt":"2024-03-12T12:28:33","slug":"vadovas-po-senuosius-vilniaus-universiteto-rumus","status":"publish","type":"product","link":"https:\/\/www.atributika.vu.lt\/en\/parduotuve\/production-of-vilnius-university-press\/vadovas-po-senuosius-vilniaus-universiteto-rumus\/","title":{"rendered":"Vadovas po senuosius Vilniaus universiteto r\u016bmus"},"content":{"rendered":"","protected":false},"excerpt":{"rendered":"<p>MORE INFORMATION ABOUT BOOK IS AVAILABLE IN LITHUANIAN LANGUAGE. Vilniaus universitetas \u2013 neatskiriama Vilniaus ir jo senamies\u010dio dalis, \u017einoma kiekvienam vilnie\u010diui. Turistams, miesto sve\u010diams tai vienas pagrindini\u0173 lankom\u0173 objekt\u0173, be Gedimino pilies, arkikatedros, rotu\u0161\u0117s, \u0160v. Petro ir Povilo ba\u017eny\u010dios.<\/p>\n<p>Seniausia Lietuvos auk\u0161toji mokykla i\u0161saugojo ne tik istorinius pastatus, bet ir daug spalving\u0173 \u010dia besimokiusi\u0173, d\u0117s\u010diusi\u0173 asmenybi\u0173 istorij\u0173, apipint\u0173 legendomis, vert\u0173 ne vieno ra\u0161ytojo plunksnos. \u010cia d\u0117st\u0117 ir studijavo Europoje \u017einomi mokslininkai, Lietuvos mokslo, kult\u016bros pa\u017eibos. Pirmoji lietuvi\u0161ka knyga, pirmasis \u017eodynas, pirmoji Lietuvos istorija lietuvi\u0161kai \u2013 viskas glaud\u017eiai susij\u0119 su \u0161iais r\u016bmais.<\/p>\n<p>Turb\u016bt \u010dia besimokan\u010di\u0173j\u0173, d\u0117stan\u010di\u0173j\u0173, dirban\u010di\u0173j\u0173 tiesiog negali nepaker\u0117ti r\u016bm\u0173 dvasia, jauk\u016bs kiemeliai, istorin\u0117s sal\u0117s, koridoriai, arkados, kasdien kuriama nauja naujos student\u0173 kartos istorija. Spalvingi faktai, legendos, nutikimai, istorijos skatina dom\u0117tis, studijuoti ir kurti. Nuolat su\u017einai, atrandi ka\u017ek\u0105 naujo, nes \u0161iuose r\u016bmuose pulsuoja smalsi ir k\u016brybinga dvasia. Universiteto istorija nei\u0161sitenka 13-oje ansamblio kiemeli\u0173, ji i\u0161sisklaid\u017eiusi po vis\u0105 Vilni\u0173 ir kvie\u010dia Jus pasivaik\u0161\u010dioti kartu.<\/p>\n<p>Lietuvi\u0173 kalba<\/p>\n<p>Paperback<br \/>\nLeidimo metai: 2020<\/p>\n<p>Puslapi\u0173 skai\u010dius: 112<br \/>\nHeight 20 cm, width 12 cm.<\/p>\n<p>Autor\u0117: Nijol\u0117 Bulotait\u0117<\/p>\n<p>Vilnius University Press<br \/>\nISBN 9786090702949<\/p>\n","protected":false},"featured_media":16396,"comment_status":"open","ping_status":"closed","template":"","meta":[],"product_brand":[],"product_cat":[188,181],"product_tag":[],"class_list":{"0":"post-15290","1":"product","2":"type-product","3":"status-publish","4":"has-post-thumbnail","6":"product_cat-production-of-vilnius-university-press","7":"product_cat-visos-prekes-en","9":"first","10":"instock","11":"taxable","12":"shipping-taxable","13":"purchasable","14":"product-type-simple"},"_links":{"self":[{"href":"https:\/\/www.atributika.vu.lt\/en\/wp-json\/wp\/v2\/product\/15290","targetHints":{"allow":["GET"]}}],"collection":[{"href":"https:\/\/www.atributika.vu.lt\/en\/wp-json\/wp\/v2\/product"}],"about":[{"href":"https:\/\/www.atributika.vu.lt\/en\/wp-json\/wp\/v2\/types\/product"}],"replies":[{"embeddable":true,"href":"https:\/\/www.atributika.vu.lt\/en\/wp-json\/wp\/v2\/comments?post=15290"}],"version-history":[{"count":1,"href":"https:\/\/www.atributika.vu.lt\/en\/wp-json\/wp\/v2\/product\/15290\/revisions"}],"predecessor-version":[{"id":16513,"href":"https:\/\/www.atributika.vu.lt\/en\/wp-json\/wp\/v2\/product\/15290\/revisions\/16513"}],"wp:featuredmedia":[{"embeddable":true,"href":"https:\/\/www.atributika.vu.lt\/en\/wp-json\/wp\/v2\/media\/16396"}],"wp:attachment":[{"href":"https:\/\/www.atributika.vu.lt\/en\/wp-json\/wp\/v2\/media?parent=15290"}],"wp:term":[{"taxonomy":"product_brand","embeddable":true,"href":"https:\/\/www.atributika.vu.lt\/en\/wp-json\/wp\/v2\/product_brand?post=15290"},{"taxonomy":"product_cat","embeddable":true,"href":"https:\/\/www.atributika.vu.lt\/en\/wp-json\/wp\/v2\/product_cat?post=15290"},{"taxonomy":"product_tag","embeddable":true,"href":"https:\/\/www.atributika.vu.lt\/en\/wp-json\/wp\/v2\/product_tag?post=15290"}],"curies":[{"name":"wp","href":"https:\/\/api.w.org\/{rel}","templated":true}]}}