{"id":15312,"date":"2022-11-15T12:16:39","date_gmt":"2022-11-15T10:16:39","guid":{"rendered":"https:\/\/www.atributika.vu.lt\/parduotuve\/uncategorized\/vadovas-po-senaja-vilniaus-universiteto-astronomijos-observatorija\/"},"modified":"2022-11-15T12:16:39","modified_gmt":"2022-11-15T12:16:39","slug":"vadovas-po-senaja-vilniaus-universiteto-astronomijos-observatorija","status":"publish","type":"product","link":"https:\/\/www.atributika.vu.lt\/en\/parduotuve\/production-of-vilnius-university-press\/vadovas-po-senaja-vilniaus-universiteto-astronomijos-observatorija\/","title":{"rendered":"Vadovas po sen\u0105j\u0105 Vilniaus universiteto astronomijos observatorij\u0105"},"content":{"rendered":"","protected":false},"excerpt":{"rendered":"<p>MORE INFORMATION ABOUT BOOK IS ONLY AVAILABLE IN LITHUANIAN LANGUAGE. Vilniaus universiteto astronomijos observatorija \u2013 senojo universitetinio ansamblio, o ir viso senamies\u010dio architekt\u016brin\u0117 puo\u0161mena bei vienas svarbiausi\u0173 istorijoje Lietuvos mokslo \u017eidini\u0173: astronominiai, geodeziniai ir meteorologiniai steb\u0117jimai \u0161iame senamies\u010dio pastate, taikant vis naujesn\u0119 metodik\u0105 ir tobulesnius instrumentus, vyko 1753\u20131883 m. \u010cia pirm\u0105 kart\u0105 nustatyta Vilniaus geografin\u0117 platuma, i\u0161 \u010dia talkinta Lietuvos Did\u017eiosios Kunigaik\u0161tyst\u0117s teritorijos kartografavimui, joje kruop\u0161\u010diais ir tiksliais steb\u0117jimais \u012fvardytas Jautuko \u017evaig\u017edynas, gauti duomenys Merkurijaus orbitai nustatyti, atrasta ma\u017eoji Palad\u0117s planeta ir i\u0161matuoti jos orbitos parametrai, aktyviai darbuotasi atliekant dienovidinio lanko (Struv\u0117s) matavimus, \u012fkurta pirmoji pasaulyje nuolatin\u0117 Saul\u0117s d\u0117mi\u0173 fotografin\u0117 tarnyba, prad\u0117ta \u017evaig\u017ed\u017ei\u0173 fotometrija.<\/p>\n<p>Visus besidomin\u010dius tiek mokslo istorija, tiek ir naujausiomis \u017einiomis apie did\u017ei\u0105j\u0105 Visat\u0105, vadovo autorius kvie\u010dia i\u0161 ar\u010diau susipa\u017einti ir leistis \u012f nepakartojam\u0173 \u012fsp\u016bd\u017ei\u0173 kupin\u0105 kelion\u0119 po Vilniaus universiteto astronomijos observatorij\u0105.<\/p>\n<p>Lietuvi\u0173 kalba<\/p>\n<p>Mink\u0161tas vir\u0161elis<\/p>\n<p>Leidimo metai: 2021<\/p>\n<p>Puslapi\u0173 skai\u010dius: 108<\/p>\n<p>Auk\u0161tis 20 cm, plotis 12 cm<\/p>\n<p>Autorius: Libertas Klimka<\/p>\n<p>Vilniaus universiteto leidykla<br \/>\nISBN 978-609-07-0558-2<\/p>\n","protected":false},"featured_media":16420,"comment_status":"open","ping_status":"closed","template":"","meta":[],"product_brand":[],"product_cat":[188,181],"product_tag":[],"class_list":{"0":"post-15312","1":"product","2":"type-product","3":"status-publish","4":"has-post-thumbnail","6":"product_cat-production-of-vilnius-university-press","7":"product_cat-visos-prekes-en","9":"first","10":"instock","11":"taxable","12":"shipping-taxable","13":"purchasable","14":"product-type-simple"},"_links":{"self":[{"href":"https:\/\/www.atributika.vu.lt\/en\/wp-json\/wp\/v2\/product\/15312","targetHints":{"allow":["GET"]}}],"collection":[{"href":"https:\/\/www.atributika.vu.lt\/en\/wp-json\/wp\/v2\/product"}],"about":[{"href":"https:\/\/www.atributika.vu.lt\/en\/wp-json\/wp\/v2\/types\/product"}],"replies":[{"embeddable":true,"href":"https:\/\/www.atributika.vu.lt\/en\/wp-json\/wp\/v2\/comments?post=15312"}],"version-history":[{"count":0,"href":"https:\/\/www.atributika.vu.lt\/en\/wp-json\/wp\/v2\/product\/15312\/revisions"}],"wp:featuredmedia":[{"embeddable":true,"href":"https:\/\/www.atributika.vu.lt\/en\/wp-json\/wp\/v2\/media\/16420"}],"wp:attachment":[{"href":"https:\/\/www.atributika.vu.lt\/en\/wp-json\/wp\/v2\/media?parent=15312"}],"wp:term":[{"taxonomy":"product_brand","embeddable":true,"href":"https:\/\/www.atributika.vu.lt\/en\/wp-json\/wp\/v2\/product_brand?post=15312"},{"taxonomy":"product_cat","embeddable":true,"href":"https:\/\/www.atributika.vu.lt\/en\/wp-json\/wp\/v2\/product_cat?post=15312"},{"taxonomy":"product_tag","embeddable":true,"href":"https:\/\/www.atributika.vu.lt\/en\/wp-json\/wp\/v2\/product_tag?post=15312"}],"curies":[{"name":"wp","href":"https:\/\/api.w.org\/{rel}","templated":true}]}}