{"id":15375,"date":"2022-11-15T11:55:50","date_gmt":"2022-11-15T11:55:50","guid":{"rendered":"https:\/\/www.atributika.vu.lt\/parduotuve\/uncategorized\/alma-mater-vilnensis-a-short-history-of-the-university\/"},"modified":"2025-07-26T00:58:25","modified_gmt":"2025-07-25T21:58:25","slug":"alma-mater-vilnensis-a-short-history-of-the-university","status":"publish","type":"product","link":"https:\/\/www.atributika.vu.lt\/en\/parduotuve\/production-of-vilnius-university-press\/alma-mater-vilnensis-a-short-history-of-the-university\/","title":{"rendered":"Alma Mater Vilnensis: A short history of the University"},"content":{"rendered":"","protected":false},"excerpt":{"rendered":"<p>The book presents a short history of Vilnius University from its foundation to the present day with the distinction of the essential periods of its development, ideas, achievements and personalities. The authors try to reveal the continuity of the university\u2019s history despite complicated or unfavourable historical circumstances, to underline its importance to the life of the country and the society. The book contains rich iconographic material which supplements or in some cases gives life to both wellknown and little-known facts of the University\u2019s history.<\/p>\n<p>Angl\u0173 kalba<br \/>\nMink\u0161tas vir\u0161elis su atvartais<br \/>\nLeidimo metai: 2020<br \/>\nPuslapi\u0173 skai\u010dius: 224<br \/>\nAuk\u0161tis 24 cm, plotis 17 cm<br \/>\nPrepared by Alfredas Bumblauskas, Birut\u0117 Butkevi\u010dien\u0117, Ry\u0161ard Gaidis, \u2020Sigitas Jegelevi\u010dius, Nijol\u0117 Klingait\u0117-Dasevi\u010dien\u0117, Inga Leonavi\u010di\u016bt\u0117, Eligijus Raila, Loreta Skurvydait\u0117, Ar\u016bnas Streikus, Tomas Vaiseta, Dalia Vitkauskait\u0117<\/p>\n<p>Vilniaus universiteto leidykla<\/p>\n<p>ISBN 978-609-07-0560-5<\/p>\n","protected":false},"featured_media":16410,"comment_status":"closed","ping_status":"closed","template":"","meta":[],"product_brand":[],"product_cat":[188,181],"product_tag":[],"class_list":{"0":"post-15375","1":"product","2":"type-product","3":"status-publish","4":"has-post-thumbnail","6":"product_cat-production-of-vilnius-university-press","7":"product_cat-visos-prekes-en","9":"first","10":"outofstock","11":"taxable","12":"shipping-taxable","13":"purchasable","14":"product-type-simple"},"_links":{"self":[{"href":"https:\/\/www.atributika.vu.lt\/en\/wp-json\/wp\/v2\/product\/15375","targetHints":{"allow":["GET"]}}],"collection":[{"href":"https:\/\/www.atributika.vu.lt\/en\/wp-json\/wp\/v2\/product"}],"about":[{"href":"https:\/\/www.atributika.vu.lt\/en\/wp-json\/wp\/v2\/types\/product"}],"replies":[{"embeddable":true,"href":"https:\/\/www.atributika.vu.lt\/en\/wp-json\/wp\/v2\/comments?post=15375"}],"version-history":[{"count":1,"href":"https:\/\/www.atributika.vu.lt\/en\/wp-json\/wp\/v2\/product\/15375\/revisions"}],"predecessor-version":[{"id":18677,"href":"https:\/\/www.atributika.vu.lt\/en\/wp-json\/wp\/v2\/product\/15375\/revisions\/18677"}],"wp:featuredmedia":[{"embeddable":true,"href":"https:\/\/www.atributika.vu.lt\/en\/wp-json\/wp\/v2\/media\/16410"}],"wp:attachment":[{"href":"https:\/\/www.atributika.vu.lt\/en\/wp-json\/wp\/v2\/media?parent=15375"}],"wp:term":[{"taxonomy":"product_brand","embeddable":true,"href":"https:\/\/www.atributika.vu.lt\/en\/wp-json\/wp\/v2\/product_brand?post=15375"},{"taxonomy":"product_cat","embeddable":true,"href":"https:\/\/www.atributika.vu.lt\/en\/wp-json\/wp\/v2\/product_cat?post=15375"},{"taxonomy":"product_tag","embeddable":true,"href":"https:\/\/www.atributika.vu.lt\/en\/wp-json\/wp\/v2\/product_tag?post=15375"}],"curies":[{"name":"wp","href":"https:\/\/api.w.org\/{rel}","templated":true}]}}