{"id":16495,"date":"2024-03-02T10:42:27","date_gmt":"2024-03-02T08:42:27","guid":{"rendered":"https:\/\/www.atributika.vu.lt\/parduotuve\/uncategorized\/vilniaus-gyvenamosios-infrastrukturos-modernejimas-ir-miesto-pletra-1870-1940-metais\/"},"modified":"2024-03-02T10:42:27","modified_gmt":"2024-03-02T10:42:27","slug":"vilniaus-gyvenamosios-infrastrukturos-modernejimas-ir-miesto-pletra-1870-1940-metais","status":"publish","type":"product","link":"https:\/\/www.atributika.vu.lt\/en\/parduotuve\/production-of-vilnius-university-press\/vilniaus-gyvenamosios-infrastrukturos-modernejimas-ir-miesto-pletra-1870-1940-metais\/","title":{"rendered":"Vilniaus gyvenamosios infrastrukt\u016bros modern\u0117jimas ir miesto pl\u0117tra 1870\u20131940 metais"},"content":{"rendered":"","protected":false},"excerpt":{"rendered":"<div>\n<div class=\"product-info \">\n<div class=\"row\">\n<div class=\"row\">\n<div class=\"col-sm-12 product-center clearfix\">\n<div class=\"product-inner-description\">\n<p>MORE INFORMATION AVAILABLE IN LITHUANIAN LANGUAGE. Knygoje Vilniaus modern\u0117jimas 1870\u20131940 m. pristatomas analizuojant poky\u010dius gyvenamojoje aplinkoje ir miestie\u010di\u0173 buityje. \u0160iuo laikotarpiu Vilniaus, kaip ir kit\u0173 Europos miest\u0173, gyvenamosios infrastrukt\u016bros modern\u0117jim\u0105 l\u0117m\u0117 miesto pl\u0117tra, did\u0117janti tar\u0161a, gyventoj\u0173 skai\u010diaus augimas ir sanitarinius reikalavimus atitinkan\u010dio b\u016bsto tr\u016bkumas. Kad pager\u0117t\u0173 gyvenimo kokyb\u0117 mieste, reik\u0117jo modernizuoti sanitarin\u0119, sykiu ir gyvenam\u0105j\u0105 infrastrukt\u016br\u0105. B\u016btent moderni\u0173 buitini\u0173 patogum\u0173 siekis miesto pl\u0117tros laikotarpiu l\u0117m\u0117 in\u017einerini\u0173 tinkl\u0173 modernizavim\u0105 ir urbanistinio planavimo (zonavimo) poky\u010dius. Tyrimas atskleid\u0117 Vilniaus, kaip in\u017einerinio, urbanistinio ir architekt\u016brinio darinio, paveiksl\u0105 ir jame buvusi\u0105 b\u016bsto \u012fvairov\u0119.<\/p>\n<p>\u010cia pristatyti skirtingi gyvenamosios infrastrukt\u016bros ir b\u016bsto modern\u0117jimo tipai, formos ir kvartal\u0173 modernizavimo procesai, ai\u0161kinamasi, kaip keit\u0117si komforto standartai, populiar\u0117jant modernizmo ir funkcionalizmo id\u0117joms.<\/p>\n<p>Lietuvi\u0173 kalba<\/p>\n<p>Kietas vir\u0161elis<br \/>\nLeidimo metai: 2022<\/p>\n<p>Puslapi\u0173 skai\u010dius: 232<\/p>\n<p>Autoriai: Aelita Ambrulevi\u010di\u016bt\u0117, Marija Dr\u0117mait\u0117, Giedr\u0117 Polkait\u0117 &#8211; Petkevi\u010dien\u0117<\/p>\n<p>Vilnius University Press<br \/>\nISBN 9786090708101<\/p>\n<\/div>\n<\/div>\n<\/div>\n<\/div>\n<\/div>\n<\/div>\n<div id=\"tab-review\" class=\"tab-content\"><\/div>\n","protected":false},"featured_media":16428,"comment_status":"open","ping_status":"closed","template":"","meta":[],"product_brand":[],"product_cat":[188,181],"product_tag":[],"class_list":{"0":"post-16495","1":"product","2":"type-product","3":"status-publish","4":"has-post-thumbnail","6":"product_cat-production-of-vilnius-university-press","7":"product_cat-visos-prekes-en","9":"first","10":"instock","11":"taxable","12":"shipping-taxable","13":"purchasable","14":"product-type-simple"},"_links":{"self":[{"href":"https:\/\/www.atributika.vu.lt\/en\/wp-json\/wp\/v2\/product\/16495","targetHints":{"allow":["GET"]}}],"collection":[{"href":"https:\/\/www.atributika.vu.lt\/en\/wp-json\/wp\/v2\/product"}],"about":[{"href":"https:\/\/www.atributika.vu.lt\/en\/wp-json\/wp\/v2\/types\/product"}],"replies":[{"embeddable":true,"href":"https:\/\/www.atributika.vu.lt\/en\/wp-json\/wp\/v2\/comments?post=16495"}],"version-history":[{"count":0,"href":"https:\/\/www.atributika.vu.lt\/en\/wp-json\/wp\/v2\/product\/16495\/revisions"}],"wp:featuredmedia":[{"embeddable":true,"href":"https:\/\/www.atributika.vu.lt\/en\/wp-json\/wp\/v2\/media\/16428"}],"wp:attachment":[{"href":"https:\/\/www.atributika.vu.lt\/en\/wp-json\/wp\/v2\/media?parent=16495"}],"wp:term":[{"taxonomy":"product_brand","embeddable":true,"href":"https:\/\/www.atributika.vu.lt\/en\/wp-json\/wp\/v2\/product_brand?post=16495"},{"taxonomy":"product_cat","embeddable":true,"href":"https:\/\/www.atributika.vu.lt\/en\/wp-json\/wp\/v2\/product_cat?post=16495"},{"taxonomy":"product_tag","embeddable":true,"href":"https:\/\/www.atributika.vu.lt\/en\/wp-json\/wp\/v2\/product_tag?post=16495"}],"curies":[{"name":"wp","href":"https:\/\/api.w.org\/{rel}","templated":true}]}}