{"id":16500,"date":"2024-03-02T10:35:18","date_gmt":"2024-03-02T08:35:18","guid":{"rendered":"https:\/\/www.atributika.vu.lt\/parduotuve\/uncategorized\/politika-ir-morale-ontologine-perspektyva\/"},"modified":"2024-03-02T10:35:18","modified_gmt":"2024-03-02T10:35:18","slug":"politika-ir-morale-ontologine-perspektyva","status":"publish","type":"product","link":"https:\/\/www.atributika.vu.lt\/en\/parduotuve\/production-of-vilnius-university-press\/politika-ir-morale-ontologine-perspektyva\/","title":{"rendered":"Politika ir moral\u0117. Ontologin\u0117 perspektyva"},"content":{"rendered":"","protected":false},"excerpt":{"rendered":"<div>\n<div class=\"product-info \">\n<div class=\"row\">\n<div class=\"row\">\n<div class=\"col-sm-12 product-center clearfix\">\n<div class=\"product-inner-description\">\n<p>MORE INFORMATION AVAILABLE IN LITHUANIAN LANGUAGE. Monografijos autoriai si\u016blo nauj\u0105 politikos ir moral\u0117s santykio supratimo b\u016bd\u0105. Knygoje kritikuojama racionalistin\u0117 tre\u010diojo asmens perspektyva, vietoj jos pl\u0117tojama pirmojo asmens, personalistin\u0117 perspektyva. Jos tikslas \u2013 suprasti, kaip moral\u0119 ir politik\u0105 patiria asmuo, kuris vienu metu yra ir moralinis subjektas, ir pilietis. Tyrimas vystomas pasitelkiant I. Kanto, C. Schmitto, R. Spaemanno, P. Kahno, H. Arendt, S. \u0160alkauskio ir A. Maceinos teorijas. \u0160ios ir kitos knygoje nagrin\u0117jamos temos bus \u012fdomios visiems, kurie domisi \u0161iuolaikine politika, etika ir politine filosofija, Lietuvos istorija.<\/p>\n<p>Lietuvi\u0173 kalba<\/p>\n<p>Kietas vir\u0161elis<br \/>\nPublishing year: 2023<\/p>\n<p>Puslapi\u0173 skai\u010dius: 247<\/p>\n<p>Autoriai: Simas \u010celutka, Alvydas Jokubaitis, Aist\u0117 Noreikait\u0117<\/p>\n<p>Vilnius University Press<br \/>\nISBN 9786090708088<\/p>\n<\/div>\n<\/div>\n<\/div>\n<\/div>\n<\/div>\n<\/div>\n<div id=\"tab-review\" class=\"tab-content\"><\/div>\n","protected":false},"featured_media":16436,"comment_status":"open","ping_status":"closed","template":"","meta":[],"product_brand":[],"product_cat":[188,181],"product_tag":[],"class_list":{"0":"post-16500","1":"product","2":"type-product","3":"status-publish","4":"has-post-thumbnail","6":"product_cat-production-of-vilnius-university-press","7":"product_cat-visos-prekes-en","9":"first","10":"instock","11":"taxable","12":"shipping-taxable","13":"purchasable","14":"product-type-simple"},"_links":{"self":[{"href":"https:\/\/www.atributika.vu.lt\/en\/wp-json\/wp\/v2\/product\/16500","targetHints":{"allow":["GET"]}}],"collection":[{"href":"https:\/\/www.atributika.vu.lt\/en\/wp-json\/wp\/v2\/product"}],"about":[{"href":"https:\/\/www.atributika.vu.lt\/en\/wp-json\/wp\/v2\/types\/product"}],"replies":[{"embeddable":true,"href":"https:\/\/www.atributika.vu.lt\/en\/wp-json\/wp\/v2\/comments?post=16500"}],"version-history":[{"count":0,"href":"https:\/\/www.atributika.vu.lt\/en\/wp-json\/wp\/v2\/product\/16500\/revisions"}],"wp:featuredmedia":[{"embeddable":true,"href":"https:\/\/www.atributika.vu.lt\/en\/wp-json\/wp\/v2\/media\/16436"}],"wp:attachment":[{"href":"https:\/\/www.atributika.vu.lt\/en\/wp-json\/wp\/v2\/media?parent=16500"}],"wp:term":[{"taxonomy":"product_brand","embeddable":true,"href":"https:\/\/www.atributika.vu.lt\/en\/wp-json\/wp\/v2\/product_brand?post=16500"},{"taxonomy":"product_cat","embeddable":true,"href":"https:\/\/www.atributika.vu.lt\/en\/wp-json\/wp\/v2\/product_cat?post=16500"},{"taxonomy":"product_tag","embeddable":true,"href":"https:\/\/www.atributika.vu.lt\/en\/wp-json\/wp\/v2\/product_tag?post=16500"}],"curies":[{"name":"wp","href":"https:\/\/api.w.org\/{rel}","templated":true}]}}