{"id":16502,"date":"2024-03-02T10:30:48","date_gmt":"2024-03-02T08:30:48","guid":{"rendered":"https:\/\/www.atributika.vu.lt\/parduotuve\/uncategorized\/senojo-vilniaus-skoniai\/"},"modified":"2024-03-02T10:30:48","modified_gmt":"2024-03-02T10:30:48","slug":"senojo-vilniaus-skoniai","status":"publish","type":"product","link":"https:\/\/www.atributika.vu.lt\/en\/parduotuve\/production-of-vilnius-university-press\/senojo-vilniaus-skoniai\/","title":{"rendered":"Senojo Vilniaus skoniai"},"content":{"rendered":"","protected":false},"excerpt":{"rendered":"<p>MORE INFORMATION AVAILABLE IN LITHUANIAN LANGUAGE. Vilnius \u2013 tai miestas, kur\u012f kiekvienas gali atrasti vis i\u0161 naujo. Sostin\u0117 visada buvo ne tik inovacij\u0173 centras, bet ir metropolis, i\u0161 kurio pla\u010diame regione sklido naujos id\u0117jos. Neatskiriama daugiakult\u016brio Vilniaus dalis \u2013 gastronomin\u0117 kult\u016bra.<\/p>\n<p>700-ojo sostin\u0117s gimtadienio proga autori\u0173 komanda \u2013 Rimvydas Lau\u017eikas, Antanas Astrauskas, Aleksandras Belyj ir Tomas Rimydis \u2013 kvie\u010dia Jus m\u0117gautis Vilniaus istorijomis ir skoniu patiekal\u0173, pasigamint\u0173 pagal autenti\u0161kus knygoje pateikiamus receptus.<\/p>\n<p>Knyga, kuri\u0105 laikote rankose, kiek primena restauratoriaus darb\u0105, kai, pa\u0161alinus naujausius da\u017e\u0173 sluoksnius, randami ankstesni, be galo \u012fdom\u016bs istoriniai sluoksniai. Taip sluoksnis po sluoksnio atidengiamas bendras istorinis Vilniaus veidas.<\/p>\n<p>Lietuvi\u0173 kalba<\/p>\n<p>Paperback<br \/>\nLeidimo metai: 2024<\/p>\n<p>Puslapi\u0173 skai\u010dius: 288<\/p>\n<p>Autoriai: Rimvydas Lau\u017eikas, Antanas Astrauskas, Aleksandrs Belyj, Tomas Rimydis<\/p>\n<p>Vilnius University Press<br \/>\nISBN 9786090708187<\/p>\n","protected":false},"featured_media":16444,"comment_status":"open","ping_status":"closed","template":"","meta":[],"product_brand":[],"product_cat":[188,181],"product_tag":[],"class_list":{"0":"post-16502","1":"product","2":"type-product","3":"status-publish","4":"has-post-thumbnail","6":"product_cat-production-of-vilnius-university-press","7":"product_cat-visos-prekes-en","9":"first","10":"instock","11":"taxable","12":"shipping-taxable","13":"purchasable","14":"product-type-simple"},"_links":{"self":[{"href":"https:\/\/www.atributika.vu.lt\/en\/wp-json\/wp\/v2\/product\/16502","targetHints":{"allow":["GET"]}}],"collection":[{"href":"https:\/\/www.atributika.vu.lt\/en\/wp-json\/wp\/v2\/product"}],"about":[{"href":"https:\/\/www.atributika.vu.lt\/en\/wp-json\/wp\/v2\/types\/product"}],"replies":[{"embeddable":true,"href":"https:\/\/www.atributika.vu.lt\/en\/wp-json\/wp\/v2\/comments?post=16502"}],"version-history":[{"count":0,"href":"https:\/\/www.atributika.vu.lt\/en\/wp-json\/wp\/v2\/product\/16502\/revisions"}],"wp:featuredmedia":[{"embeddable":true,"href":"https:\/\/www.atributika.vu.lt\/en\/wp-json\/wp\/v2\/media\/16444"}],"wp:attachment":[{"href":"https:\/\/www.atributika.vu.lt\/en\/wp-json\/wp\/v2\/media?parent=16502"}],"wp:term":[{"taxonomy":"product_brand","embeddable":true,"href":"https:\/\/www.atributika.vu.lt\/en\/wp-json\/wp\/v2\/product_brand?post=16502"},{"taxonomy":"product_cat","embeddable":true,"href":"https:\/\/www.atributika.vu.lt\/en\/wp-json\/wp\/v2\/product_cat?post=16502"},{"taxonomy":"product_tag","embeddable":true,"href":"https:\/\/www.atributika.vu.lt\/en\/wp-json\/wp\/v2\/product_tag?post=16502"}],"curies":[{"name":"wp","href":"https:\/\/api.w.org\/{rel}","templated":true}]}}