{"id":16504,"date":"2024-03-02T10:26:24","date_gmt":"2024-03-02T08:26:24","guid":{"rendered":"https:\/\/www.atributika.vu.lt\/parduotuve\/uncategorized\/markas-tulijus-ciceronas-oratorius\/"},"modified":"2024-03-12T12:12:28","modified_gmt":"2024-03-12T12:12:28","slug":"markas-tulijus-ciceronas-oratorius","status":"publish","type":"product","link":"https:\/\/www.atributika.vu.lt\/en\/parduotuve\/production-of-vilnius-university-press\/markas-tulijus-ciceronas-oratorius\/","title":{"rendered":"Markas Tulijus Ciceronas. Oratorius"},"content":{"rendered":"","protected":false},"excerpt":{"rendered":"<p>MORE INFORMATION AVAILABLE IN LITHUANIAN LANGUAGE. Pirm\u0105 kart\u0105 pristatomas garsiojo rom\u0117n\u0173 oratoriaus Marko Tulijaus Cicerono retorikos traktato \u201eOratorius\u201c lietuvi\u0161kas vertimas su moksliniais komentarais. \u201eOratorius\u201c \u2013 paskutinis i\u0161 trij\u0173 svarbiausi\u0173 Cicerono retorikos veikal\u0173, apibendrinantis ir i\u0161baigiantis ankstesniuose traktatuose keltas id\u0117jas, \u012ftvirtinantis autoriaus vis\u0105 gyvenim\u0105 puosel\u0117tos i\u0161kalbos ideal\u0105. Remdamasis Platono mokymu apie gro\u017eio id\u0117j\u0105, Ciceronas formuluoja idealios i\u0161kalbos samprat\u0105 ir apib\u016bdina \u012fsivaizduojam\u0105 tobul\u0105 oratori\u0173. Ciceronas reikalauja i\u0161 oratoriaus plataus ir visapusi\u0161ko i\u0161silavinimo, apiman\u010dio ne tik retorikos men\u0105, bet ir istorij\u0105, literat\u016br\u0105, teis\u0117s, politikos \u017einias, o svarbiausia \u2013 filosofij\u0105. Veikalas vis\u0173 pirma skirtas polemikai su naujaisiais Romos atikistais, kuri\u0173 \u0161alininkas buvo ir knygos adresatas Markas Junijus Brutas. Atikistai pernelyg sureik\u0161mino \u017eem\u0105j\u012f stili\u0173, atmesdami puo\u0161ni\u0105 ir \u017eoding\u0105 kalb\u0105, kurios puosel\u0117tojas buvo pats Ciceronas. I\u0161 \u010dia kyla ir svarbiausias teiginys, kad tikras oratorius privalo valdyti visus tris kalbos stilius, nes jie padeda i\u0161pildyti tris svarbiausius kalb\u0117tojo siekius \u2013 pamokyti, pamaloninti klausytoj\u0105 ir paveikti jo jausmus. Ypatingas d\u0117mesys skiriamas prozos ritmui ir periodo strukt\u016brai.<\/p>\n<p>Lietuvi\u0173, lotyn\u0173 kalba<\/p>\n<p>Kietas vir\u0161elis<br \/>\nPublishing year: 2023<\/p>\n<p>Puslapi\u0173 skai\u010dius: 440<\/p>\n<p>Autor\u0117: Audron\u0117 Ku\u010dinskien\u0117<\/p>\n<p>Vilnius University Press<br \/>\nISBN 9786090708910<\/p>\n","protected":false},"featured_media":16440,"comment_status":"open","ping_status":"closed","template":"","meta":[],"product_brand":[],"product_cat":[188,181],"product_tag":[],"class_list":{"0":"post-16504","1":"product","2":"type-product","3":"status-publish","4":"has-post-thumbnail","6":"product_cat-production-of-vilnius-university-press","7":"product_cat-visos-prekes-en","9":"first","10":"instock","11":"taxable","12":"shipping-taxable","13":"purchasable","14":"product-type-simple"},"_links":{"self":[{"href":"https:\/\/www.atributika.vu.lt\/en\/wp-json\/wp\/v2\/product\/16504","targetHints":{"allow":["GET"]}}],"collection":[{"href":"https:\/\/www.atributika.vu.lt\/en\/wp-json\/wp\/v2\/product"}],"about":[{"href":"https:\/\/www.atributika.vu.lt\/en\/wp-json\/wp\/v2\/types\/product"}],"replies":[{"embeddable":true,"href":"https:\/\/www.atributika.vu.lt\/en\/wp-json\/wp\/v2\/comments?post=16504"}],"version-history":[{"count":1,"href":"https:\/\/www.atributika.vu.lt\/en\/wp-json\/wp\/v2\/product\/16504\/revisions"}],"predecessor-version":[{"id":16505,"href":"https:\/\/www.atributika.vu.lt\/en\/wp-json\/wp\/v2\/product\/16504\/revisions\/16505"}],"wp:featuredmedia":[{"embeddable":true,"href":"https:\/\/www.atributika.vu.lt\/en\/wp-json\/wp\/v2\/media\/16440"}],"wp:attachment":[{"href":"https:\/\/www.atributika.vu.lt\/en\/wp-json\/wp\/v2\/media?parent=16504"}],"wp:term":[{"taxonomy":"product_brand","embeddable":true,"href":"https:\/\/www.atributika.vu.lt\/en\/wp-json\/wp\/v2\/product_brand?post=16504"},{"taxonomy":"product_cat","embeddable":true,"href":"https:\/\/www.atributika.vu.lt\/en\/wp-json\/wp\/v2\/product_cat?post=16504"},{"taxonomy":"product_tag","embeddable":true,"href":"https:\/\/www.atributika.vu.lt\/en\/wp-json\/wp\/v2\/product_tag?post=16504"}],"curies":[{"name":"wp","href":"https:\/\/api.w.org\/{rel}","templated":true}]}}