{"id":16796,"date":"2024-04-25T12:35:48","date_gmt":"2024-04-25T09:35:48","guid":{"rendered":"https:\/\/www.atributika.vu.lt\/parduotuve\/uncategorized\/alma-mater-vilnensis-trumpa-universiteto-istorija\/"},"modified":"2024-04-25T12:37:47","modified_gmt":"2024-04-25T09:37:47","slug":"alma-mater-vilnensis-trumpa-universiteto-istorija","status":"publish","type":"product","link":"https:\/\/www.atributika.vu.lt\/en\/parduotuve\/production-of-vilnius-university-press\/alma-mater-vilnensis-trumpa-universiteto-istorija\/","title":{"rendered":"Alma Mater Vilnensis: trumpa universiteto istorija"},"content":{"rendered":"","protected":false},"excerpt":{"rendered":"<p>MORE INFORMATION AVAILABLE IN LITHUANIAN LANGUAGE. Knygoje glaustai pristatoma Vilniaus universiteto istorija nuo \u012fk\u016brimo iki \u0161i\u0173 dien\u0173, i\u0161skiriami esminiai jo raidos etapai, id\u0117jos, pasiekimai ir asmenyb\u0117s. Siekiama parodyti Universiteto istorijos t\u0119stinum\u0105, nepaisant sud\u0117ting\u0173 ir kartais nepalanki\u0173 istorini\u0173 aplinkybi\u0173, atskleisti jo svarb\u0105 valstyb\u0117s ir visuomen\u0117s gyvenime. Pateikiama gausi ikonografin\u0117 med\u017eiaga, papildanti, o kartais ir naujai prakalbinanti \u017einomus ar ma\u017eiau gird\u0117tus Universiteto istorijos faktus.<\/p>\n<p>Lietuvi\u0173 kalba<br \/>\nMink\u0161tas vir\u0161elis su atvartais<br \/>\nLeidimo metai: 2024<br \/>\nPuslapi\u0173 skai\u010dius: 204<br \/>\nAuk\u0161tis 24 cm, plotis 17 cm<br \/>\nAutoriai: Alfredas Bumblauskas, Birut\u0117 Butkevi\u010dien\u0117, Ry\u0161ard Gaidis, \u2020Sigitas Jegelevi\u010dius, Nijol\u0117 Klingait\u0117-Dasevi\u010dien\u0117, Inga Leonavi\u010di\u016bt\u0117, Eligijus Raila, Loreta Skurvydait\u0117, Ar\u016bnas Streikus, Tomas Vaiseta, Dalia Vitkauskait\u0117<\/p>\n<p>Vilnius University Press<\/p>\n<p>ISBN 9786090709887<\/p>\n","protected":false},"featured_media":16795,"comment_status":"open","ping_status":"closed","template":"","meta":[],"product_brand":[],"product_cat":[188],"product_tag":[],"class_list":{"0":"post-16796","1":"product","2":"type-product","3":"status-publish","4":"has-post-thumbnail","6":"product_cat-production-of-vilnius-university-press","8":"first","9":"instock","10":"taxable","11":"shipping-taxable","12":"purchasable","13":"product-type-simple"},"_links":{"self":[{"href":"https:\/\/www.atributika.vu.lt\/en\/wp-json\/wp\/v2\/product\/16796","targetHints":{"allow":["GET"]}}],"collection":[{"href":"https:\/\/www.atributika.vu.lt\/en\/wp-json\/wp\/v2\/product"}],"about":[{"href":"https:\/\/www.atributika.vu.lt\/en\/wp-json\/wp\/v2\/types\/product"}],"replies":[{"embeddable":true,"href":"https:\/\/www.atributika.vu.lt\/en\/wp-json\/wp\/v2\/comments?post=16796"}],"version-history":[{"count":1,"href":"https:\/\/www.atributika.vu.lt\/en\/wp-json\/wp\/v2\/product\/16796\/revisions"}],"predecessor-version":[{"id":16797,"href":"https:\/\/www.atributika.vu.lt\/en\/wp-json\/wp\/v2\/product\/16796\/revisions\/16797"}],"wp:featuredmedia":[{"embeddable":true,"href":"https:\/\/www.atributika.vu.lt\/en\/wp-json\/wp\/v2\/media\/16795"}],"wp:attachment":[{"href":"https:\/\/www.atributika.vu.lt\/en\/wp-json\/wp\/v2\/media?parent=16796"}],"wp:term":[{"taxonomy":"product_brand","embeddable":true,"href":"https:\/\/www.atributika.vu.lt\/en\/wp-json\/wp\/v2\/product_brand?post=16796"},{"taxonomy":"product_cat","embeddable":true,"href":"https:\/\/www.atributika.vu.lt\/en\/wp-json\/wp\/v2\/product_cat?post=16796"},{"taxonomy":"product_tag","embeddable":true,"href":"https:\/\/www.atributika.vu.lt\/en\/wp-json\/wp\/v2\/product_tag?post=16796"}],"curies":[{"name":"wp","href":"https:\/\/api.w.org\/{rel}","templated":true}]}}