{"id":16862,"date":"2024-05-10T11:12:35","date_gmt":"2024-05-10T08:12:35","guid":{"rendered":"https:\/\/www.atributika.vu.lt\/parduotuve\/uncategorized\/informacines-elgsenos-tyrimas-ivadas\/"},"modified":"2024-05-10T11:12:35","modified_gmt":"2024-05-10T08:12:35","slug":"informacines-elgsenos-tyrimas-ivadas","status":"publish","type":"product","link":"https:\/\/www.atributika.vu.lt\/en\/parduotuve\/production-of-vilnius-university-press\/informacines-elgsenos-tyrimas-ivadas\/","title":{"rendered":"Informacin\u0117s elgsenos tyrimas. \u012evadas."},"content":{"rendered":"","protected":false},"excerpt":{"rendered":"<p>MORE INFORMATION ABOUT BOOK IS ONLY AVAILABLE IN LITHUANIAN LANGUAGE. \u0160i knyga yra \u012fvadas \u012f \u017emogaus informacin\u0117s elgsenos tyrimus, o kartu \u2013 jos autoriaus, vieno \u012ftakingiausi\u0173 pasaulyje informacin\u0117s elgsenos tyr\u0117j\u0173, Jungtin\u0117s Karalyst\u0117s \u0160efildo universiteto profesoriaus emerito Thomo Wilsono asmeni\u0161kas pasakojimas apie savo teorinius svarstymus, atliktus tyrimus bei diskusijas su kolegomis i\u0161 viso pasaulio. Autorius yra ne kart\u0105 lank\u0119sis Lietuvoje, Vilniaus universiteto Komunikacijos fakultete atliko bendrus tyrimus ir skait\u0117 paskaitas studentams. Knyga skiriama jauniems tyr\u0117jams, taip pat visiems, kuriuos domina \u017emogaus elgsena skaitmenizuotame informacijos pasaulyje.<\/p>\n<p>Lietuvi\u0173 kalba<\/p>\n<p>Paperback<br \/>\nLeidimo metai: 2024<\/p>\n<p>Puslapi\u0173 skai\u010dius: 212<\/p>\n<p>Autorius: Thomas Daniel Wilson<\/p>\n<p>Vilnius University Press<br \/>\nISBN 9786090710319<\/p>\n","protected":false},"featured_media":16858,"comment_status":"open","ping_status":"closed","template":"","meta":[],"product_brand":[],"product_cat":[188],"product_tag":[],"class_list":{"0":"post-16862","1":"product","2":"type-product","3":"status-publish","4":"has-post-thumbnail","6":"product_cat-production-of-vilnius-university-press","8":"first","9":"instock","10":"taxable","11":"shipping-taxable","12":"purchasable","13":"product-type-simple"},"_links":{"self":[{"href":"https:\/\/www.atributika.vu.lt\/en\/wp-json\/wp\/v2\/product\/16862","targetHints":{"allow":["GET"]}}],"collection":[{"href":"https:\/\/www.atributika.vu.lt\/en\/wp-json\/wp\/v2\/product"}],"about":[{"href":"https:\/\/www.atributika.vu.lt\/en\/wp-json\/wp\/v2\/types\/product"}],"replies":[{"embeddable":true,"href":"https:\/\/www.atributika.vu.lt\/en\/wp-json\/wp\/v2\/comments?post=16862"}],"version-history":[{"count":0,"href":"https:\/\/www.atributika.vu.lt\/en\/wp-json\/wp\/v2\/product\/16862\/revisions"}],"wp:featuredmedia":[{"embeddable":true,"href":"https:\/\/www.atributika.vu.lt\/en\/wp-json\/wp\/v2\/media\/16858"}],"wp:attachment":[{"href":"https:\/\/www.atributika.vu.lt\/en\/wp-json\/wp\/v2\/media?parent=16862"}],"wp:term":[{"taxonomy":"product_brand","embeddable":true,"href":"https:\/\/www.atributika.vu.lt\/en\/wp-json\/wp\/v2\/product_brand?post=16862"},{"taxonomy":"product_cat","embeddable":true,"href":"https:\/\/www.atributika.vu.lt\/en\/wp-json\/wp\/v2\/product_cat?post=16862"},{"taxonomy":"product_tag","embeddable":true,"href":"https:\/\/www.atributika.vu.lt\/en\/wp-json\/wp\/v2\/product_tag?post=16862"}],"curies":[{"name":"wp","href":"https:\/\/api.w.org\/{rel}","templated":true}]}}