{"id":17308,"date":"2024-07-18T16:14:09","date_gmt":"2024-07-18T13:14:09","guid":{"rendered":"https:\/\/www.atributika.vu.lt\/parduotuve\/uncategorized\/zemaitijos-krikstas\/"},"modified":"2024-07-18T16:14:09","modified_gmt":"2024-07-18T13:14:09","slug":"zemaitijos-krikstas","status":"publish","type":"product","link":"https:\/\/www.atributika.vu.lt\/en\/parduotuve\/production-of-vilnius-university-press\/zemaitijos-krikstas\/","title":{"rendered":"\u017demaitijos krik\u0161tas"},"content":{"rendered":"","protected":false},"excerpt":{"rendered":"<p>MORE INFORMATION ABOUT BOOK IS AVAILABLE IN LITHUANIAN LANGUAGE ONLY. Knyga skirta paskutinio Europoje pagoni\u0161ko regiono \u2013 \u017demaitijos christianizacijai. Pagrindine problema \u2013 istoriografijoje egzistuojantis 500 met\u0173 chronologinis samprat\u0173 skirtumas tarp to, kas laikoma \u017demaitijos christianizacijos pabaiga. Vieniems tai \u2013 XV a. prad\u017eia (1413\u20131417 m.) \u2013 \u012fvykine krik\u0161to samprata, kiti proceso pabaiga mato net XVIII\u2013XIX a. \u0160i problema sprend\u017eiama pirmiausia teoriniu lygmeniu, perimant i\u0161 Vakar\u0173 istoriografijos savok\u0105 \u201ekonversija\u201c, taikom\u0105 tiek christianizacijos politini\u0173 permain\u0173 laikotarpiui (\u201eoficialioji konversija\u201c), tiek visuomen\u0117s virsmo i\u0161 pagoni\u0161kos \u012f krik\u0161cioni\u0161k\u0105 epochai (konversija pla\u010diaja prasme).<br \/>\nKnygoje siekiama parodyti pagrindinius \u017demaitijos ankstyvosios christianizacijos tarpsnius, pradedant misijiniu christianizacijos etapu, kurio pagrindinis istorinis faktas yra Jeronimo Prahi\u0161kio misija 1401\u20131404 m., pasibaigusi paskutine pagonyb\u0117s pergale. \u201eOficialiosios konversijos\u201c l\u016b\u017eyje, kuris apima krik\u0161tijimo akcijas ir vyskupijos \u012fk\u016brim\u0105, pagoni\u0161kasis veiksnys pasirei\u0161k\u0117 pagoni\u0161ka reakcija \u2013 1418 m. mai\u0161tu, kuris vis d\u0117lto nebenutrauk\u0117 to meto tarptautinio forumo \u2013 Konstanco ba\u017enytinio susirinkimo kuruojamo proceso. Konversijos pla\u010diaja prasme pabaiga yra ivertinama pagal tokius rodiklius: parapiju tinklo tankis, paskutini\u0173 suaugusi\u0173j\u0173 krik\u0161tijimo faktai, ba\u017eny\u010di\u0173 lankymo socialin\u0117s kontrol\u0117s sistemos faktai, diev\u0173 sara\u0161\u0173 bei pagoni\u0161k\u0173 praktik\u0173 liudijimai. Visi \u0161ie rodikliai leid\u017eia teigti, kad XVII a. prad\u017ei\u0105 galima laikyti \u017demaitijos konversijos pabaiga.<\/p>\n<p>Lietuvi\u0173 kalba<\/p>\n<p>Hard cover<br \/>\nLeidimo metai: 2018<\/p>\n<p>Puslapi\u0173 skai\u010dius: 372<\/p>\n<p>Autoriai: Alfredas Bumblauskas, Mangirdas Bumblauskas<\/p>\n<p>Vilnius University Press<br \/>\nISBN 9786090700877<\/p>\n","protected":false},"featured_media":17229,"comment_status":"open","ping_status":"closed","template":"","meta":[],"product_brand":[],"product_cat":[188,181],"product_tag":[],"class_list":{"0":"post-17308","1":"product","2":"type-product","3":"status-publish","4":"has-post-thumbnail","6":"product_cat-production-of-vilnius-university-press","7":"product_cat-visos-prekes-en","9":"first","10":"outofstock","11":"taxable","12":"shipping-taxable","13":"purchasable","14":"product-type-simple"},"_links":{"self":[{"href":"https:\/\/www.atributika.vu.lt\/en\/wp-json\/wp\/v2\/product\/17308","targetHints":{"allow":["GET"]}}],"collection":[{"href":"https:\/\/www.atributika.vu.lt\/en\/wp-json\/wp\/v2\/product"}],"about":[{"href":"https:\/\/www.atributika.vu.lt\/en\/wp-json\/wp\/v2\/types\/product"}],"replies":[{"embeddable":true,"href":"https:\/\/www.atributika.vu.lt\/en\/wp-json\/wp\/v2\/comments?post=17308"}],"version-history":[{"count":0,"href":"https:\/\/www.atributika.vu.lt\/en\/wp-json\/wp\/v2\/product\/17308\/revisions"}],"wp:featuredmedia":[{"embeddable":true,"href":"https:\/\/www.atributika.vu.lt\/en\/wp-json\/wp\/v2\/media\/17229"}],"wp:attachment":[{"href":"https:\/\/www.atributika.vu.lt\/en\/wp-json\/wp\/v2\/media?parent=17308"}],"wp:term":[{"taxonomy":"product_brand","embeddable":true,"href":"https:\/\/www.atributika.vu.lt\/en\/wp-json\/wp\/v2\/product_brand?post=17308"},{"taxonomy":"product_cat","embeddable":true,"href":"https:\/\/www.atributika.vu.lt\/en\/wp-json\/wp\/v2\/product_cat?post=17308"},{"taxonomy":"product_tag","embeddable":true,"href":"https:\/\/www.atributika.vu.lt\/en\/wp-json\/wp\/v2\/product_tag?post=17308"}],"curies":[{"name":"wp","href":"https:\/\/api.w.org\/{rel}","templated":true}]}}