{"id":17315,"date":"2024-07-18T16:56:22","date_gmt":"2024-07-18T13:56:22","guid":{"rendered":"https:\/\/www.atributika.vu.lt\/parduotuve\/uncategorized\/lietuviu-skalikai\/"},"modified":"2025-02-11T11:22:58","modified_gmt":"2025-02-11T09:22:58","slug":"lietuviu-skalikai","status":"publish","type":"product","link":"https:\/\/www.atributika.vu.lt\/en\/parduotuve\/production-of-vilnius-university-press\/lietuviu-skalikai\/","title":{"rendered":"Lietuvi\u0173 skalikai"},"content":{"rendered":"","protected":false},"excerpt":{"rendered":"<p style=\"font-weight: 400;\">MORE INFORMATION ABOUT BOOK IS AVAILABLE IN LITHUANIAN LANGUAGE ONLY. Pirm\u0105 kart\u0105 Lietuvos kinologijos istorijoje i\u0161leista knyga apie nacionalin\u0119 lietuvi\u0161k\u0105 \u0161un\u0173 veisl\u0119 \u2013 lietuvi\u0173 skalik\u0105. Autoriai gerai pa\u017e\u012fsta \u0161i\u0105 veisl\u0119, nes patys augina ir veisia lietuvi\u0173 skalikus. Jie, remdamiesi istoriniais \u0161altiniais, nuotraukomis, apra\u0161o visk\u0105 apie \u0161i\u0105 \u0161un\u0173 veisl\u0119 nuo LDK laik\u0173, kai su jais med\u017eiojo Lietuvos kunigaik\u0161\u010diai, iki \u0161i\u0173 dien\u0173, kai \u0161iuos \u0161unis laikome nuosavuose namuose ar net butuose. I\u0161samiai apra\u0161oma veisl\u0117s istorija, raida, i\u0161vaizdos kitimas, b\u016bdo bruo\u017eai. Patariama, kaip skalikus dresuoti med\u017eioklei ir paruo\u0161ti gyvenimui kasdienyb\u0117je, kaip juos gr\u016bdinti fizi\u0161kai ir pratinti prie \u012fvairi\u0173 or\u0173 gamtoje bei daugyb\u0117 kit\u0173 patarim\u0173. Knygoje rasite ir du naudingus priedus \u2013 sen\u0105j\u012f ir nauj\u0105j\u012f lietuvi\u0173 skalik\u0173 veisl\u0117s apra\u0161ymus.<\/p>\n<p style=\"font-weight: 400;\">\u201eTai pirmoji knyga, skirta vienintelei lietuvi\u0161k\u0173 \u0161un\u0173 veislei \u2013 lietuvi\u0173 skalikams. Remdamiesi gausiais \u0161altiniais autoriai itin i\u0161samiai aptaria skalik\u0173 kilm\u0117s ir raidos istorij\u0105, i\u0161vaizd\u0105 ir b\u016bdo bruo\u017eus. Knygos skaitytojai joje ras ir gausi\u0173 istorini\u0173 \u017eini\u0173, ir labai nauding\u0173 patarim\u0173 renkantis, auginant bei dresuojant \u0161ios i\u0161skirtin\u0117s veisl\u0117s atstovus. Galima dr\u0105siai teigti, kad lengva plunksna para\u0161yta knyga bus \u012fdomi ir m\u0117g\u0117jui, ir profesionalui\u201c, &#8211; <b><strong>dr. Povilas Bla\u017eevi\u010dius, archeologas<\/strong><\/b>.<\/p>\n<p style=\"font-weight: 400;\">\u201eTik per stebukl\u0105 i\u0161likusi veisl\u0117 gyvuoja entuziast\u0173 d\u0117ka \u2013 nors ji ir buvo \u012ftraukta \u012f nacionaliniu mastu saugom\u0173 namini\u0173 veisli\u0173 s\u0105ra\u0161\u0105, iki valstybin\u0117s programos veislei apginti ir i\u0161saugoti nebuvo i\u0161augta. Knyga tikrai reikalinga visiems, nes ji liudija m\u016bs\u0173 kult\u016brin\u012f paveld\u0105, moko identifikuoti jo vert\u0119 ir telkia neabejingus vienam tikslui \u2013 lietuvi\u0173 skaliko i\u0161saugojimui\u201c, &#8211; <b><strong>Selemonas Paltanavi\u010dius, gamtininkas, ra\u0161ytojas<\/strong><\/b>.<\/p>\n<p style=\"font-weight: 400;\">\u201eLietuvi\u0173 skalikas yra m\u016bs\u0173 \u0161alies pasidid\u017eiavimas ir \u0161i knyga pad\u0117s visuomenei artimiau susipa\u017einti su \u0161ia nuostabia veisle ir dar labiau j\u0105 vertinti. Tai dar vienas \u017eingsnis lietuvi\u0173 skaliko tarptautinio pripa\u017einimo link, kas labai svarbu saugant ir populiarinant veisl\u0119\u201c, &#8211; <b><strong>Ramun\u0117 Kazlauskait\u0117, Lietuvos kinolog\u0173 draugijos prezident\u0117<\/strong><\/b>.<\/p>\n<p style=\"font-weight: 400;\">\u201eLietuvi\u0173 skalikas \u2013 m\u016bs\u0173 prot\u0117vi\u0173 paveldas ir palikimas, Lietuvos Did\u017eiosios Kunigaik\u0161tyst\u0117s ir Abiej\u0173 Taut\u0173 Respublikos didyb\u0117s bei \u0161lov\u0117s atgarsis. Ir \u0161tai po daugelio met\u0173 Lietuvoje pagaliau atsirado kult\u016bringa, europieti\u0161ka knyga apie med\u017eioklinius \u0161unis. Labai gra\u017eu ir simboli\u0161ka, kad \u0161i knyga apie lietuvi\u0173 skalikus \u2013 vienintel\u0119 m\u016bs\u0173 \u0161un\u0173 veisl\u0119. Lietuvi\u0173 skalikas neturi b\u016bti vien tik simbolis, stabas ar talismanas. Norint, kad veisl\u0117 b\u016bt\u0173 populiari ir gausi, ji ir jos darbin\u0117s savyb\u0117s turi atitikti laiko poreikius ir reikalavimus. Geresnis kelias b\u016bt\u0173 ugdyti m\u016bs\u0173 skalik\u0105 lengvai rengiam\u0105, paklusn\u0173, su sveika psichika ir visapusi\u0161kai naudojam\u0105. Knygos autoriai tai ir propaguoja. Knygoje rasite naudingos metodin\u0117s informacijos, kaip parengti \u0161iuos \u0161unis med\u017eiokl\u0117ms varant bei su\u017eeist\u0173 \u017ev\u0117ri\u0173 paie\u0161kai. Si\u016bly\u010diau \u0161i\u0105 knyg\u0105 perskaityti ne tik lietuvi\u0173 skalik\u0173 entuziastams, bet ir kitiems kult\u016bringos med\u017eioklin\u0117s \u0161unininkyst\u0117s gerb\u0117jams\u201c, &#8211;<b><strong> Vytautas Tamo\u0161i\u016bnas, Lietuvos med\u017eiotoj\u0173 ir \u017evej\u0173 draugijos \u0161unininkas<\/strong><\/b>.<\/p>\n<p>Lietuvi\u0173 kalba<\/p>\n<p>Hard cover<br \/>\nLeidimo metai: 2021<\/p>\n<p>Puslapi\u0173 skai\u010dius: 132<\/p>\n<p>Autoriai: Marius Smetona, Mantas Milinavi\u010dius, An\u017eelika Smetonien\u0117<\/p>\n<p>Vilnius University Press<br \/>\nISBN 9786090705506<\/p>\n","protected":false},"featured_media":17279,"comment_status":"open","ping_status":"closed","template":"","meta":[],"product_brand":[],"product_cat":[188],"product_tag":[],"class_list":{"0":"post-17315","1":"product","2":"type-product","3":"status-publish","4":"has-post-thumbnail","6":"product_cat-production-of-vilnius-university-press","8":"first","9":"instock","10":"taxable","11":"shipping-taxable","12":"purchasable","13":"product-type-simple"},"_links":{"self":[{"href":"https:\/\/www.atributika.vu.lt\/en\/wp-json\/wp\/v2\/product\/17315","targetHints":{"allow":["GET"]}}],"collection":[{"href":"https:\/\/www.atributika.vu.lt\/en\/wp-json\/wp\/v2\/product"}],"about":[{"href":"https:\/\/www.atributika.vu.lt\/en\/wp-json\/wp\/v2\/types\/product"}],"replies":[{"embeddable":true,"href":"https:\/\/www.atributika.vu.lt\/en\/wp-json\/wp\/v2\/comments?post=17315"}],"version-history":[{"count":1,"href":"https:\/\/www.atributika.vu.lt\/en\/wp-json\/wp\/v2\/product\/17315\/revisions"}],"predecessor-version":[{"id":18434,"href":"https:\/\/www.atributika.vu.lt\/en\/wp-json\/wp\/v2\/product\/17315\/revisions\/18434"}],"wp:featuredmedia":[{"embeddable":true,"href":"https:\/\/www.atributika.vu.lt\/en\/wp-json\/wp\/v2\/media\/17279"}],"wp:attachment":[{"href":"https:\/\/www.atributika.vu.lt\/en\/wp-json\/wp\/v2\/media?parent=17315"}],"wp:term":[{"taxonomy":"product_brand","embeddable":true,"href":"https:\/\/www.atributika.vu.lt\/en\/wp-json\/wp\/v2\/product_brand?post=17315"},{"taxonomy":"product_cat","embeddable":true,"href":"https:\/\/www.atributika.vu.lt\/en\/wp-json\/wp\/v2\/product_cat?post=17315"},{"taxonomy":"product_tag","embeddable":true,"href":"https:\/\/www.atributika.vu.lt\/en\/wp-json\/wp\/v2\/product_tag?post=17315"}],"curies":[{"name":"wp","href":"https:\/\/api.w.org\/{rel}","templated":true}]}}