{"id":17317,"date":"2024-07-18T16:52:23","date_gmt":"2024-07-18T13:52:23","guid":{"rendered":"https:\/\/www.atributika.vu.lt\/parduotuve\/uncategorized\/semiotiniai-skaitymo-modeliai-grimzdimas\/"},"modified":"2024-07-19T11:08:39","modified_gmt":"2024-07-19T08:08:39","slug":"semiotiniai-skaitymo-modeliai-grimzdimas","status":"publish","type":"product","link":"https:\/\/www.atributika.vu.lt\/en\/parduotuve\/production-of-vilnius-university-press\/semiotiniai-skaitymo-modeliai-grimzdimas\/","title":{"rendered":"Semiotiniai skaitymo modeliai. Grimzdimas"},"content":{"rendered":"","protected":false},"excerpt":{"rendered":"<p>MORE INFORMATION ABOUT BOOK IS AVAILABLE IN LITHUANIAN LANGUAGE ONLY. Monografijoje tiriama literat\u016bros skaitymo problematika, kuri pl\u0117tojama semiotin\u0117je perspektyvoje, skaitym\u0105 siejan\u010dioje su teksto prasm\u0117s klausimu. Autor\u0117s konstruoja skaitymo logik\u0105 ai\u0161kinan\u010dius \u2013 Charleso S. Peirce\u2019o, Jurijaus Lotmano ir Algirdo Juliaus Greimo semiotik\u0173 id\u0117jomis gr\u012fstus \u2013 teorinius modelius ir modeliuoja tris Gy\u010dio Norvilo poezijos rinkinio grimzdimas (2017) skaitymo variantus. Knygoje aptariama, kaip skirting\u0173 semiotik\u0173 perspektyvoje (gali b\u016bti) suvokiamas skaitymas, kuo pasi\u017eymi skirtingos semiotin\u0117s prieigos, kaip prieig\u0173 ypatumai kreipia grimzdimo skaitym\u0105, leid\u017eiant\u012f atverti poezijos rinkinio (reik\u0161mi\u0173) gelmes ir nubr\u0117\u017eti semiotini\u0173 teorij\u0173 susitikimo ir i\u0161siskyrimo trajektorijas. Knyga skirta literat\u016bros ir semiotikos studij\u0173 specialistams ir studentams, taip pat visiems, besidomintiems skaitymo problematika, \u0161iuolaikine poezija ir literat\u016bros bei vizuali\u0173j\u0173 men\u0173 ry\u0161i\u0173 klausimais.<\/p>\n<p>Lietuvi\u0173 kalba<\/p>\n<p>Paperback<br \/>\nPublishing year: 2024<\/p>\n<p>Puslapi\u0173 skai\u010dius: 336<\/p>\n<p>Autoriai: Irina Melnikova, Jurgita Katkuvien\u0117, Silvi Salupere<\/p>\n<p>Vilnius University Press<br \/>\nISBN 9786090710364<\/p>\n","protected":false},"featured_media":17271,"comment_status":"open","ping_status":"closed","template":"","meta":[],"product_brand":[],"product_cat":[188],"product_tag":[],"class_list":{"0":"post-17317","1":"product","2":"type-product","3":"status-publish","4":"has-post-thumbnail","6":"product_cat-production-of-vilnius-university-press","8":"first","9":"outofstock","10":"taxable","11":"shipping-taxable","12":"purchasable","13":"product-type-simple"},"_links":{"self":[{"href":"https:\/\/www.atributika.vu.lt\/en\/wp-json\/wp\/v2\/product\/17317","targetHints":{"allow":["GET"]}}],"collection":[{"href":"https:\/\/www.atributika.vu.lt\/en\/wp-json\/wp\/v2\/product"}],"about":[{"href":"https:\/\/www.atributika.vu.lt\/en\/wp-json\/wp\/v2\/types\/product"}],"replies":[{"embeddable":true,"href":"https:\/\/www.atributika.vu.lt\/en\/wp-json\/wp\/v2\/comments?post=17317"}],"version-history":[{"count":1,"href":"https:\/\/www.atributika.vu.lt\/en\/wp-json\/wp\/v2\/product\/17317\/revisions"}],"predecessor-version":[{"id":17318,"href":"https:\/\/www.atributika.vu.lt\/en\/wp-json\/wp\/v2\/product\/17317\/revisions\/17318"}],"wp:featuredmedia":[{"embeddable":true,"href":"https:\/\/www.atributika.vu.lt\/en\/wp-json\/wp\/v2\/media\/17271"}],"wp:attachment":[{"href":"https:\/\/www.atributika.vu.lt\/en\/wp-json\/wp\/v2\/media?parent=17317"}],"wp:term":[{"taxonomy":"product_brand","embeddable":true,"href":"https:\/\/www.atributika.vu.lt\/en\/wp-json\/wp\/v2\/product_brand?post=17317"},{"taxonomy":"product_cat","embeddable":true,"href":"https:\/\/www.atributika.vu.lt\/en\/wp-json\/wp\/v2\/product_cat?post=17317"},{"taxonomy":"product_tag","embeddable":true,"href":"https:\/\/www.atributika.vu.lt\/en\/wp-json\/wp\/v2\/product_tag?post=17317"}],"curies":[{"name":"wp","href":"https:\/\/api.w.org\/{rel}","templated":true}]}}