{"id":17331,"date":"2024-07-18T16:48:26","date_gmt":"2024-07-18T13:48:26","guid":{"rendered":"https:\/\/www.atributika.vu.lt\/parduotuve\/uncategorized\/not-a-day-without-the-lithuanian-language\/"},"modified":"2026-02-09T16:05:59","modified_gmt":"2026-02-09T14:05:59","slug":"not-a-day-without-the-lithuanian-language","status":"publish","type":"product","link":"https:\/\/www.atributika.vu.lt\/en\/parduotuve\/production-of-vilnius-university-press\/not-a-day-without-the-lithuanian-language\/","title":{"rendered":"Not a day without the Lithuanian language"},"content":{"rendered":"","protected":false},"excerpt":{"rendered":"<p>The textbook &#8220;Not a day without Lithuanian language&#8221; is intended for people of different ages, professions, interests and education who are starting to learn Lithuanian. The textbook teaches the expression of the most important communicative intentions, vocabulary, the basics of Lithuanian grammar are presented simply, clearly and consistently. A lot of attention is paid to the development of socio-cultural competence, so that students gain communication experience in easily predictable situations of everyday life, become familiar with the Lithuanian way of life, behavioral norms, and are able to more easily understand the differences between Lithuanian and their own culture.<\/p>\n<div>\n<div>You can download the answers to the textbook tasks for free <a href=\"https:\/\/www.vu.lt\/leidyba\/images\/eknygos\/Ne_dienos\/Ne_dienos_be_lietuviu_kalbos_Uzduociu_atsakymai.pdf\" target=\"_blank\" rel=\"noopener\">here<\/a>.<\/div>\n<div><\/div>\n<div>You can download the appendices of the textbook &#8220;N\u0117 dienos be Lithuanian language&#8221; &#8211; audio recordings <a href=\"https:\/\/www.vu.lt\/leidyba\/knygos\/vadovelis-ne-dienos-be-lietuviu-kalbos\" target=\"_blank\" rel=\"noopener\">\u010dia<\/a>.<\/div>\n<div><\/div>\n<div>By studying according to this textbook, students would aim for the Intermediate level (A2) and get a solid foundation for further learning the Lithuanian language. Beginners are recommended to study with a teacher, those who speak a little Lithuanian could also study independently.<\/div>\n<div>\n<p>Lietuvi\u0173 language<\/p>\n<p>Paperback<br \/>\nPublishing year: 2023<\/p>\n<p>Number of pages: 336<\/p>\n<p>Authors: Virginija Stumbrien\u0117, Aurelija Ka\u0161kelevi\u010dien\u0117<\/p>\n<p>Vilnius University Press<\/p>\n<\/div>\n<\/div>\n","protected":false},"featured_media":17265,"comment_status":"open","ping_status":"closed","template":"","meta":[],"product_brand":[],"product_cat":[188],"product_tag":[],"class_list":{"0":"post-17331","1":"product","2":"type-product","3":"status-publish","4":"has-post-thumbnail","6":"product_cat-production-of-vilnius-university-press","8":"first","9":"instock","10":"taxable","11":"shipping-taxable","12":"purchasable","13":"product-type-simple"},"_links":{"self":[{"href":"https:\/\/www.atributika.vu.lt\/en\/wp-json\/wp\/v2\/product\/17331","targetHints":{"allow":["GET"]}}],"collection":[{"href":"https:\/\/www.atributika.vu.lt\/en\/wp-json\/wp\/v2\/product"}],"about":[{"href":"https:\/\/www.atributika.vu.lt\/en\/wp-json\/wp\/v2\/types\/product"}],"replies":[{"embeddable":true,"href":"https:\/\/www.atributika.vu.lt\/en\/wp-json\/wp\/v2\/comments?post=17331"}],"version-history":[{"count":0,"href":"https:\/\/www.atributika.vu.lt\/en\/wp-json\/wp\/v2\/product\/17331\/revisions"}],"wp:featuredmedia":[{"embeddable":true,"href":"https:\/\/www.atributika.vu.lt\/en\/wp-json\/wp\/v2\/media\/17265"}],"wp:attachment":[{"href":"https:\/\/www.atributika.vu.lt\/en\/wp-json\/wp\/v2\/media?parent=17331"}],"wp:term":[{"taxonomy":"product_brand","embeddable":true,"href":"https:\/\/www.atributika.vu.lt\/en\/wp-json\/wp\/v2\/product_brand?post=17331"},{"taxonomy":"product_cat","embeddable":true,"href":"https:\/\/www.atributika.vu.lt\/en\/wp-json\/wp\/v2\/product_cat?post=17331"},{"taxonomy":"product_tag","embeddable":true,"href":"https:\/\/www.atributika.vu.lt\/en\/wp-json\/wp\/v2\/product_tag?post=17331"}],"curies":[{"name":"wp","href":"https:\/\/api.w.org\/{rel}","templated":true}]}}