{"id":17352,"date":"2024-07-19T17:34:18","date_gmt":"2024-07-19T14:34:18","guid":{"rendered":"https:\/\/www.atributika.vu.lt\/parduotuve\/uncategorized\/adomo-mickeviciaus-poezija-i-tomas\/"},"modified":"2024-07-19T17:34:18","modified_gmt":"2024-07-19T14:34:18","slug":"adomo-mickeviciaus-poezija-i-tomas","status":"publish","type":"product","link":"https:\/\/www.atributika.vu.lt\/en\/parduotuve\/production-of-vilnius-university-press\/adomo-mickeviciaus-poezija-i-tomas\/","title":{"rendered":"Adomo Mickevi\u010diaus poezija I tomas"},"content":{"rendered":"","protected":false},"excerpt":{"rendered":"<p>MORE INFORMATION ABOUT BOOK AVAILABLE IN LITHUANIAN LANGUAGE ONLY. \u0160ios knygos atsiradim\u0105 padiktavo solidus debiutinio Adomo Mickevi\u010diaus tomelio Poezye Adama Mickiewicza (\u201eAdomo Mickevi\u010diaus poezija\u201c, Vilnius, 1822) jubiliejus. Per tuos du \u0161imtus met\u0173 Vilnius i\u0161gyveno dideles pervartas, ta\u010diau nepaisant politini\u0173 ir kult\u016brini\u0173 kataklizm\u0173 Mickevi\u010dius i\u0161 \u0161io miesto taip niekada ir nei\u0161\u0117jo. Net ir tada, kai poeto vard\u0105 buvo u\u017eginta min\u0117ti. \u0160lov\u0117 prasid\u0117jo nuo nediduk\u0117s ir i\u0161 pirmo \u017evilgsnio niekuo nei\u0161siskirian\u010dios knygos. Nei\u0161vaizd\u017eios tik i\u0161ore, nes vidus deg\u0117 tokia galinga ugnimi, kad jos \u0161ilum\u0105 juntame lig \u0161iol. Dabartin\u0117 knyga \u2013 tai naujai papasakota \u0161io legendinio tomelio istorija. Naujai lietuvi\u0161kai prakalbintas ir Mickevi\u010dius \u2013 tiek \u017eod\u017eiu, tiek vaizdu. \u0160i knyga \u2013 tai ne tik jautri pagarbos poetui i\u0161rai\u0161ka, bet ir savita dovana Vilniui jo jubiliejaus i\u0161vakar\u0117se. Nes Vilniaus ir Mickevi\u010diaus vardai neatskiriami \u2013 Vilniaus romantizmas pagimd\u0117 ir Mickevi\u010diaus romantizm\u0105.<\/p>\n<p>Lietuvi\u0173 &#8211; lenk\u0173 kalba<\/p>\n<p>Hard cover<br \/>\nLeidimo metai: 2022<\/p>\n<p>Puslapi\u0173 skai\u010dius: 488<\/p>\n<p>Autoriai: Regina Ko\u017eeniauskien\u0117, Reda Gri\u0161kait\u0117<\/p>\n<p>Vilnius University Press<br \/>\nISBN 9786090707845<\/p>\n","protected":false},"featured_media":17351,"comment_status":"open","ping_status":"closed","template":"","meta":[],"product_brand":[],"product_cat":[188],"product_tag":[],"class_list":{"0":"post-17352","1":"product","2":"type-product","3":"status-publish","4":"has-post-thumbnail","6":"product_cat-production-of-vilnius-university-press","8":"first","9":"instock","10":"taxable","11":"shipping-taxable","12":"purchasable","13":"product-type-simple"},"_links":{"self":[{"href":"https:\/\/www.atributika.vu.lt\/en\/wp-json\/wp\/v2\/product\/17352","targetHints":{"allow":["GET"]}}],"collection":[{"href":"https:\/\/www.atributika.vu.lt\/en\/wp-json\/wp\/v2\/product"}],"about":[{"href":"https:\/\/www.atributika.vu.lt\/en\/wp-json\/wp\/v2\/types\/product"}],"replies":[{"embeddable":true,"href":"https:\/\/www.atributika.vu.lt\/en\/wp-json\/wp\/v2\/comments?post=17352"}],"version-history":[{"count":0,"href":"https:\/\/www.atributika.vu.lt\/en\/wp-json\/wp\/v2\/product\/17352\/revisions"}],"wp:featuredmedia":[{"embeddable":true,"href":"https:\/\/www.atributika.vu.lt\/en\/wp-json\/wp\/v2\/media\/17351"}],"wp:attachment":[{"href":"https:\/\/www.atributika.vu.lt\/en\/wp-json\/wp\/v2\/media?parent=17352"}],"wp:term":[{"taxonomy":"product_brand","embeddable":true,"href":"https:\/\/www.atributika.vu.lt\/en\/wp-json\/wp\/v2\/product_brand?post=17352"},{"taxonomy":"product_cat","embeddable":true,"href":"https:\/\/www.atributika.vu.lt\/en\/wp-json\/wp\/v2\/product_cat?post=17352"},{"taxonomy":"product_tag","embeddable":true,"href":"https:\/\/www.atributika.vu.lt\/en\/wp-json\/wp\/v2\/product_tag?post=17352"}],"curies":[{"name":"wp","href":"https:\/\/api.w.org\/{rel}","templated":true}]}}