{"id":17677,"date":"2024-09-25T21:37:10","date_gmt":"2024-09-25T18:37:10","guid":{"rendered":"https:\/\/www.atributika.vu.lt\/?post_type=product&#038;p=17677"},"modified":"2026-03-30T14:53:00","modified_gmt":"2026-03-30T11:53:00","slug":"klig-dzemperis","status":"publish","type":"product","link":"https:\/\/www.atributika.vu.lt\/en\/parduotuve\/visos-prekes-en\/klig-dzemperis\/","title":{"rendered":"KLIG gimnazisto uniforma &#8211; d\u017eemperis"},"content":{"rendered":"","protected":false},"excerpt":{"rendered":"<p>Kur\u0161\u0117n\u0173 Lauryno Ivinskio gimnazijos uniforma &#8211; d\u017eemperis, tamsiai m\u0117lynos spalvos.<\/p>\n<p>Pasimatuoti d\u017eemper\u012f galima Kur\u0161\u0117n\u0173 Lauryno Ivinskio gimnazijoje, pas socialin\u0119 pedagog\u0119.<\/p>\n<p><b><strong>Universalus klasikinis d\u017eemperis\u00a0<\/strong><\/b><\/p>\n<p><b><strong>Med\u017eiaga:\u00a0\u00a0<\/strong><\/b>80% \u017eiedinio verpimo medviln\u0117; 20% poliesteris; Elastano apsiuvai rankov\u0117ms ir ties juosmeniu.<\/p>\n<p><b><strong>Savyb\u0117s:\u00a0<\/strong><\/b>Mink\u0161tas pamu\u0161alas.<\/p>\n<p><b><strong>Logotipas: <\/strong><\/b>Siuvin\u0117tas.<\/p>\n","protected":false},"featured_media":17685,"comment_status":"open","ping_status":"closed","template":"","meta":[],"product_brand":[],"product_cat":[15],"product_tag":[],"class_list":{"0":"post-17677","1":"product","2":"type-product","3":"status-publish","4":"has-post-thumbnail","6":"product_cat-visos-prekes","8":"first","9":"instock","10":"taxable","11":"shipping-taxable","12":"purchasable","13":"product-type-variable"},"_links":{"self":[{"href":"https:\/\/www.atributika.vu.lt\/en\/wp-json\/wp\/v2\/product\/17677","targetHints":{"allow":["GET"]}}],"collection":[{"href":"https:\/\/www.atributika.vu.lt\/en\/wp-json\/wp\/v2\/product"}],"about":[{"href":"https:\/\/www.atributika.vu.lt\/en\/wp-json\/wp\/v2\/types\/product"}],"replies":[{"embeddable":true,"href":"https:\/\/www.atributika.vu.lt\/en\/wp-json\/wp\/v2\/comments?post=17677"}],"version-history":[{"count":13,"href":"https:\/\/www.atributika.vu.lt\/en\/wp-json\/wp\/v2\/product\/17677\/revisions"}],"predecessor-version":[{"id":19535,"href":"https:\/\/www.atributika.vu.lt\/en\/wp-json\/wp\/v2\/product\/17677\/revisions\/19535"}],"wp:featuredmedia":[{"embeddable":true,"href":"https:\/\/www.atributika.vu.lt\/en\/wp-json\/wp\/v2\/media\/17685"}],"wp:attachment":[{"href":"https:\/\/www.atributika.vu.lt\/en\/wp-json\/wp\/v2\/media?parent=17677"}],"wp:term":[{"taxonomy":"product_brand","embeddable":true,"href":"https:\/\/www.atributika.vu.lt\/en\/wp-json\/wp\/v2\/product_brand?post=17677"},{"taxonomy":"product_cat","embeddable":true,"href":"https:\/\/www.atributika.vu.lt\/en\/wp-json\/wp\/v2\/product_cat?post=17677"},{"taxonomy":"product_tag","embeddable":true,"href":"https:\/\/www.atributika.vu.lt\/en\/wp-json\/wp\/v2\/product_tag?post=17677"}],"curies":[{"name":"wp","href":"https:\/\/api.w.org\/{rel}","templated":true}]}}