{"id":18201,"date":"2024-12-20T13:12:09","date_gmt":"2024-12-20T11:12:09","guid":{"rendered":"https:\/\/www.atributika.vu.lt\/?post_type=product&#038;p=18201"},"modified":"2026-04-08T16:20:16","modified_gmt":"2026-04-08T13:20:16","slug":"vu-6in1-usb-laidukai","status":"publish","type":"product","link":"https:\/\/www.atributika.vu.lt\/en\/parduotuve\/souvenirs\/vu-6in1-usb-laidukai\/","title":{"rendered":"VU 6in1 USB laidukai"},"content":{"rendered":"","protected":false},"excerpt":{"rendered":"<p>\u012ekrovimo laidas pagamintas i\u0161 sertifikuoto perdirbto aliuminio bei TPE; Perdirbimo procese aliuminis nepraranda savo savybi\u0173 ir gali b\u016bti perdirbamas be galo.<\/p>\n<p>su dviguba \u012fvesties jungtimi: USB A ir C tipo;<\/p>\n<p>Trigubas i\u0161\u0117jimas: Apple Lightning\/Micro ir Type C, galimos i\u0161 viso 6 \u012fkrovimo parinktis.<\/p>\n<p>Tinka \u012fkrauti, sinchronizuoti ir suderinama su automobiliu;<\/p>\n<p>palaiko greit\u0105 \u012fkrovim\u0105 iki 9V\/2A;<\/p>\n<p>su VU logotipu.<\/p>\n","protected":false},"featured_media":18209,"comment_status":"open","ping_status":"closed","template":"","meta":[],"product_brand":[],"product_cat":[69],"product_tag":[],"class_list":{"0":"post-18201","1":"product","2":"type-product","3":"status-publish","4":"has-post-thumbnail","6":"product_cat-suvenyrai","8":"first","9":"instock","10":"taxable","11":"shipping-taxable","12":"purchasable","13":"product-type-simple"},"_links":{"self":[{"href":"https:\/\/www.atributika.vu.lt\/en\/wp-json\/wp\/v2\/product\/18201","targetHints":{"allow":["GET"]}}],"collection":[{"href":"https:\/\/www.atributika.vu.lt\/en\/wp-json\/wp\/v2\/product"}],"about":[{"href":"https:\/\/www.atributika.vu.lt\/en\/wp-json\/wp\/v2\/types\/product"}],"replies":[{"embeddable":true,"href":"https:\/\/www.atributika.vu.lt\/en\/wp-json\/wp\/v2\/comments?post=18201"}],"version-history":[{"count":1,"href":"https:\/\/www.atributika.vu.lt\/en\/wp-json\/wp\/v2\/product\/18201\/revisions"}],"predecessor-version":[{"id":18211,"href":"https:\/\/www.atributika.vu.lt\/en\/wp-json\/wp\/v2\/product\/18201\/revisions\/18211"}],"wp:featuredmedia":[{"embeddable":true,"href":"https:\/\/www.atributika.vu.lt\/en\/wp-json\/wp\/v2\/media\/18209"}],"wp:attachment":[{"href":"https:\/\/www.atributika.vu.lt\/en\/wp-json\/wp\/v2\/media?parent=18201"}],"wp:term":[{"taxonomy":"product_brand","embeddable":true,"href":"https:\/\/www.atributika.vu.lt\/en\/wp-json\/wp\/v2\/product_brand?post=18201"},{"taxonomy":"product_cat","embeddable":true,"href":"https:\/\/www.atributika.vu.lt\/en\/wp-json\/wp\/v2\/product_cat?post=18201"},{"taxonomy":"product_tag","embeddable":true,"href":"https:\/\/www.atributika.vu.lt\/en\/wp-json\/wp\/v2\/product_tag?post=18201"}],"curies":[{"name":"wp","href":"https:\/\/api.w.org\/{rel}","templated":true}]}}