{"id":18466,"date":"2025-03-03T14:21:55","date_gmt":"2025-03-03T12:21:55","guid":{"rendered":"https:\/\/www.atributika.vu.lt\/?post_type=product&#038;p=18466"},"modified":"2026-04-08T11:28:34","modified_gmt":"2026-04-08T08:28:34","slug":"nepazistamas-pranciskus-smuglevicius","status":"publish","type":"product","link":"https:\/\/www.atributika.vu.lt\/en\/parduotuve\/production-of-vilnius-university-press\/nepazistamas-pranciskus-smuglevicius\/","title":{"rendered":"Nepa\u017e\u012fstamas Pranci\u0161kus Smuglevi\u010dius"},"content":{"rendered":"","protected":false},"excerpt":{"rendered":"<p>Pranci\u0161kaus Smuglevi\u010diaus (1745\u20131807) profesin\u0117 meistryst\u0117, susiformavusi tuometiniame Europos meno ir kult\u016bros centre \u2013 Romoje, v\u0117liau leido pad\u0117ti profesionali\u0173 dailinink\u0173 rengimo pamatus Lietuvoje. Nors tapytojas pasi\u017eym\u0117jo aktyviu dalyvavimu politiniuose ir kult\u016briniuose savo t\u0117vyn\u0117s reikaluose, buvo itin vertinamas am\u017einink\u0173, vis d\u0117lto dabartiniais laikais tiek kaip asmuo, tiek kaip k\u016br\u0117jas yra labai menkai pa\u017e\u012fstamas. Dailininkas gyveno ir ypa\u010d vaisingai dirbo sud\u0117tingu istorinio l\u016b\u017eio laikotarpiu, vis dar nepagr\u012fstai nura\u0161omu kaip nuopuolio ir \u017elugimo epocha. \u0160ios knygos autoriai \u2013 istorikai ir dail\u0117s istorikai \u2013 siekia pla\u010diau ir nuodugniau aptarti P. Smuglevi\u010diaus gyvenim\u0105 ir k\u016bryb\u0105.<\/p>\n<p>Lietuvi\u0173 kalba<\/p>\n<p>Kietas vir\u0161elis<br \/>\nLeidimo metai: 2024<\/p>\n<p>Puslapi\u0173 skai\u010dius: 272<\/p>\n<p>Autoriai: Irena Vai\u0161vilait\u0117<\/p>\n<p>Vilniaus universiteto leidykla<br \/>\nISBN 9786090711095<\/p>\n","protected":false},"featured_media":18478,"comment_status":"open","ping_status":"closed","template":"","meta":[],"product_brand":[],"product_cat":[70],"product_tag":[],"class_list":{"0":"post-18466","1":"product","2":"type-product","3":"status-publish","4":"has-post-thumbnail","6":"product_cat-vilniaus-universiteto-leidyklos-produkcija","8":"first","9":"instock","10":"taxable","11":"shipping-taxable","12":"purchasable","13":"product-type-simple"},"_links":{"self":[{"href":"https:\/\/www.atributika.vu.lt\/en\/wp-json\/wp\/v2\/product\/18466","targetHints":{"allow":["GET"]}}],"collection":[{"href":"https:\/\/www.atributika.vu.lt\/en\/wp-json\/wp\/v2\/product"}],"about":[{"href":"https:\/\/www.atributika.vu.lt\/en\/wp-json\/wp\/v2\/types\/product"}],"replies":[{"embeddable":true,"href":"https:\/\/www.atributika.vu.lt\/en\/wp-json\/wp\/v2\/comments?post=18466"}],"version-history":[{"count":1,"href":"https:\/\/www.atributika.vu.lt\/en\/wp-json\/wp\/v2\/product\/18466\/revisions"}],"predecessor-version":[{"id":18467,"href":"https:\/\/www.atributika.vu.lt\/en\/wp-json\/wp\/v2\/product\/18466\/revisions\/18467"}],"wp:featuredmedia":[{"embeddable":true,"href":"https:\/\/www.atributika.vu.lt\/en\/wp-json\/wp\/v2\/media\/18478"}],"wp:attachment":[{"href":"https:\/\/www.atributika.vu.lt\/en\/wp-json\/wp\/v2\/media?parent=18466"}],"wp:term":[{"taxonomy":"product_brand","embeddable":true,"href":"https:\/\/www.atributika.vu.lt\/en\/wp-json\/wp\/v2\/product_brand?post=18466"},{"taxonomy":"product_cat","embeddable":true,"href":"https:\/\/www.atributika.vu.lt\/en\/wp-json\/wp\/v2\/product_cat?post=18466"},{"taxonomy":"product_tag","embeddable":true,"href":"https:\/\/www.atributika.vu.lt\/en\/wp-json\/wp\/v2\/product_tag?post=18466"}],"curies":[{"name":"wp","href":"https:\/\/api.w.org\/{rel}","templated":true}]}}