{"id":18547,"date":"2025-05-05T10:25:18","date_gmt":"2025-05-05T07:25:18","guid":{"rendered":"https:\/\/www.atributika.vu.lt\/?post_type=product&#038;p=18547"},"modified":"2025-10-25T12:07:29","modified_gmt":"2025-10-25T09:07:29","slug":"tvdg-gimnazisto-uniforma-dzemperis","status":"publish","type":"product","link":"https:\/\/www.atributika.vu.lt\/en\/parduotuve\/visos-prekes-en\/tvdg-gimnazisto-uniforma-dzemperis\/","title":{"rendered":"TVDG gimnazisto uniforma &#8211; d\u017eemperis"},"content":{"rendered":"","protected":false},"excerpt":{"rendered":"<p>Trak\u0173 Vytauto Did\u017eiojo gimnazijos uniforma &#8211; d\u017eemperis, tamsiai m\u0117lynos spalvos. Su gobtuvu arba be gobtuvo.<\/p>\n<p><strong>D\u017eemper\u012f pasimatuoti bei \u012fsigyti vietoje galite ir m\u016bs\u0173 fizin\u0117je parduotuv\u0117je, \u0160v. Jono g. 12, Vilnius (\u012f\u0117jimas i\u0161 Pilies g.)<\/strong><\/p>\n<p><b><strong>Universalus klasikinis d\u017eemperis\u00a0<\/strong><\/b><\/p>\n<p><b><strong>Med\u017eiaga:\u00a0 7<\/strong><\/b>0% \u017eiedinio verpimo medviln\u0117; 30% poliesteris; Elastano apsiuvai rankov\u0117ms ir ties juosmeniu.<\/p>\n<p><b><strong>Savyb\u0117s:\u00a0<\/strong><\/b>Mink\u0161tas pamu\u0161alas.<\/p>\n<p><b><strong>Logotipas: <\/strong><\/b>Siuvin\u0117tas.<\/p>\n<p><strong>Dyd\u017ei\u0173 lentel\u0117:<\/strong><\/p>\n<p><img loading=\"lazy\" decoding=\"async\" class=\"alignnone size-full wp-image-18930\" src=\"https:\/\/www.atributika.vu.lt\/wp-content\/uploads\/2025\/05\/Be-pavadinimo.png\" alt=\"\" width=\"286\" height=\"173\" srcset=\"https:\/\/www.atributika.vu.lt\/wp-content\/uploads\/2025\/05\/Be-pavadinimo.png 286w, https:\/\/www.atributika.vu.lt\/wp-content\/uploads\/2025\/05\/Be-pavadinimo-150x91.png 150w\" sizes=\"auto, (max-width: 286px) 100vw, 286px\" \/><\/p>\n<p>Plotis matuojamas 1cm \u017eemiau nuo pa\u017east\u0173, o ilgis matuojamas nuo auk\u0161\u010diausio ta\u0161ko pe\u010di\u0173 juostoje.<\/p>\n","protected":false},"featured_media":19230,"comment_status":"open","ping_status":"closed","template":"","meta":[],"product_brand":[],"product_cat":[15],"product_tag":[],"class_list":{"0":"post-18547","1":"product","2":"type-product","3":"status-publish","4":"has-post-thumbnail","6":"product_cat-visos-prekes","8":"first","9":"instock","10":"taxable","11":"shipping-taxable","12":"purchasable","13":"product-type-variable"},"_links":{"self":[{"href":"https:\/\/www.atributika.vu.lt\/en\/wp-json\/wp\/v2\/product\/18547","targetHints":{"allow":["GET"]}}],"collection":[{"href":"https:\/\/www.atributika.vu.lt\/en\/wp-json\/wp\/v2\/product"}],"about":[{"href":"https:\/\/www.atributika.vu.lt\/en\/wp-json\/wp\/v2\/types\/product"}],"replies":[{"embeddable":true,"href":"https:\/\/www.atributika.vu.lt\/en\/wp-json\/wp\/v2\/comments?post=18547"}],"version-history":[{"count":16,"href":"https:\/\/www.atributika.vu.lt\/en\/wp-json\/wp\/v2\/product\/18547\/revisions"}],"predecessor-version":[{"id":19270,"href":"https:\/\/www.atributika.vu.lt\/en\/wp-json\/wp\/v2\/product\/18547\/revisions\/19270"}],"wp:featuredmedia":[{"embeddable":true,"href":"https:\/\/www.atributika.vu.lt\/en\/wp-json\/wp\/v2\/media\/19230"}],"wp:attachment":[{"href":"https:\/\/www.atributika.vu.lt\/en\/wp-json\/wp\/v2\/media?parent=18547"}],"wp:term":[{"taxonomy":"product_brand","embeddable":true,"href":"https:\/\/www.atributika.vu.lt\/en\/wp-json\/wp\/v2\/product_brand?post=18547"},{"taxonomy":"product_cat","embeddable":true,"href":"https:\/\/www.atributika.vu.lt\/en\/wp-json\/wp\/v2\/product_cat?post=18547"},{"taxonomy":"product_tag","embeddable":true,"href":"https:\/\/www.atributika.vu.lt\/en\/wp-json\/wp\/v2\/product_tag?post=18547"}],"curies":[{"name":"wp","href":"https:\/\/api.w.org\/{rel}","templated":true}]}}