{"id":19452,"date":"2025-09-11T10:17:24","date_gmt":"2025-09-11T07:17:24","guid":{"rendered":"https:\/\/www.atributika.vu.lt\/?post_type=product&#038;p=19452"},"modified":"2026-05-11T18:36:18","modified_gmt":"2026-05-11T15:36:18","slug":"nuodingieji-augalai-salia-musu","status":"publish","type":"product","link":"https:\/\/www.atributika.vu.lt\/en\/parduotuve\/production-of-vilnius-university-press\/nuodingieji-augalai-salia-musu\/","title":{"rendered":"Nuodingieji augalai \u0161alia m\u016bs\u0173"},"content":{"rendered":"","protected":false},"excerpt":{"rendered":"<p>Pagrindinis knygos tikslas \u2013 supa\u017eindinti skaitytojus su m\u016bs\u0173 kra\u0161to savaimini\u0173 ir svetim\u017eemi\u0173 nuoding\u0173j\u0173 augal\u0173 \u012fvairove, j\u0173 keliamais pavojais, augaviet\u0117mis ir nuoding\u0173j\u0173 augal\u0173 toksi\u0161kumo prie\u017eastimis. Visuose kra\u0161tuose nuo nuoding\u0173j\u0173 augal\u0173 da\u017eniausiai nuken\u010dia ma\u017eame\u010diai dvej\u0173\u2013penkeri\u0173 met\u0173 vaikai, kurie nori savaranki\u0161kai pa\u017einti aplink\u0105. Vaikus paprastai vilioja sultingi, da\u017enokai malonaus kvapo ir skonio nuoding\u0173j\u0173 augal\u0173 vaisiai. Suaugusieji nuo nuoding\u0173j\u0173 augal\u0173 da\u017eniausiai nuken\u010dia naudodami i\u0161 jiems nepakankamai pa\u017e\u012fstam\u0173 augal\u0173 paruo\u0161tus vaistinius preparatus savigydai. Tod\u0117l tur\u0117ti didesn\u012f ar ma\u017eesn\u012f kiek\u012f bendr\u0173j\u0173, o ir speciali\u0173j\u0173 \u017eini\u0173 apie nuodinguosius augalus tur\u0117t\u0173 b\u016bti naudinga kiekvienam asmeniui. Knygoje, remiantis daugiausia botanikos, ekologijos ir chemijos moksl\u0173 \u017einiomis, pateikti 40-ies savaimini\u0173 ir 40-ies svetim\u017eemi\u0173 m\u016bs\u0173 kra\u0161te nuoding\u0173j\u0173 augal\u0173 r\u016b\u0161i\u0173 apra\u0161ai. Nurodytos ir svarbiausios daugelio nuoding\u0173j\u0173 r\u016b\u0161i\u0173 augal\u0173 vaistingosios ir kai kurios kitos taikomosios savyb\u0117s. Knyga iliustruota originaliomis nuoding\u0173j\u0173 augal\u0173 nuotraukomis. Leidinys skiriamas visiems besidomintiems augalais ir savitomis j\u0173 savyb\u0117mis, tikintis, kad jame pateikta informacija ne tik pagilins skaitytoj\u0173 \u017einias apie nuodinguosius augalus, bet ir pad\u0117s i\u0161vengti j\u0173 keliam\u0173 pavoj\u0173.<\/p>\n<p>Lietuvi\u0173 kalba<\/p>\n<p>Kietas vir\u0161elis<br \/>\nLeidimo metai: 2025<\/p>\n<p>Puslapi\u0173 skai\u010dius: 503<\/p>\n<p>Autorius: Jonas Remigijus Naujalis<\/p>\n<p>Vilniaus universiteto leidykla<br \/>\nISBN 9786090711644<\/p>\n","protected":false},"featured_media":19458,"comment_status":"open","ping_status":"closed","template":"","meta":[],"product_brand":[],"product_cat":[70],"product_tag":[],"class_list":{"0":"post-19452","1":"product","2":"type-product","3":"status-publish","4":"has-post-thumbnail","6":"product_cat-vilniaus-universiteto-leidyklos-produkcija","8":"first","9":"instock","10":"taxable","11":"shipping-taxable","12":"purchasable","13":"product-type-simple"},"_links":{"self":[{"href":"https:\/\/www.atributika.vu.lt\/en\/wp-json\/wp\/v2\/product\/19452","targetHints":{"allow":["GET"]}}],"collection":[{"href":"https:\/\/www.atributika.vu.lt\/en\/wp-json\/wp\/v2\/product"}],"about":[{"href":"https:\/\/www.atributika.vu.lt\/en\/wp-json\/wp\/v2\/types\/product"}],"replies":[{"embeddable":true,"href":"https:\/\/www.atributika.vu.lt\/en\/wp-json\/wp\/v2\/comments?post=19452"}],"version-history":[{"count":1,"href":"https:\/\/www.atributika.vu.lt\/en\/wp-json\/wp\/v2\/product\/19452\/revisions"}],"predecessor-version":[{"id":19453,"href":"https:\/\/www.atributika.vu.lt\/en\/wp-json\/wp\/v2\/product\/19452\/revisions\/19453"}],"wp:featuredmedia":[{"embeddable":true,"href":"https:\/\/www.atributika.vu.lt\/en\/wp-json\/wp\/v2\/media\/19458"}],"wp:attachment":[{"href":"https:\/\/www.atributika.vu.lt\/en\/wp-json\/wp\/v2\/media?parent=19452"}],"wp:term":[{"taxonomy":"product_brand","embeddable":true,"href":"https:\/\/www.atributika.vu.lt\/en\/wp-json\/wp\/v2\/product_brand?post=19452"},{"taxonomy":"product_cat","embeddable":true,"href":"https:\/\/www.atributika.vu.lt\/en\/wp-json\/wp\/v2\/product_cat?post=19452"},{"taxonomy":"product_tag","embeddable":true,"href":"https:\/\/www.atributika.vu.lt\/en\/wp-json\/wp\/v2\/product_tag?post=19452"}],"curies":[{"name":"wp","href":"https:\/\/api.w.org\/{rel}","templated":true}]}}