{"id":19554,"date":"2025-10-30T16:02:13","date_gmt":"2025-10-30T14:02:13","guid":{"rendered":"https:\/\/www.atributika.vu.lt\/?post_type=product&#038;p=19554"},"modified":"2026-04-08T11:18:19","modified_gmt":"2026-04-08T08:18:19","slug":"nemo-intrat-in-caelum-nisi-per-philosophiam-maiselis","status":"publish","type":"product","link":"https:\/\/www.atributika.vu.lt\/en\/parduotuve\/souvenirs\/nemo-intrat-in-caelum-nisi-per-philosophiam-maiselis\/","title":{"rendered":"Nemo intrat in caelum nisi per philosophiam mai\u0161elis"},"content":{"rendered":"","protected":false},"excerpt":{"rendered":"<p>Med\u017eiaginis mai\u0161elis<\/p>\n<p><strong>Med\u017eiaga:<\/strong>\u00a0100% Medviln\u0117<\/p>\n<p><strong>Savyb\u0117s:<\/strong>\u00a0Patogu ne\u0161ioti ant peties; talpa \u2013 10 litr\u0173;<\/p>\n<p><strong>I\u0161matavimai:<\/strong>\u00a038 cm x 42 cm; rankenos 70 cm;<\/p>\n<p><strong>Logotipas:<\/strong>\u00a0\u0160ilkografija<\/p>\n","protected":false},"featured_media":19683,"comment_status":"open","ping_status":"closed","template":"","meta":[],"product_brand":[],"product_cat":[69],"product_tag":[],"class_list":{"0":"post-19554","1":"product","2":"type-product","3":"status-publish","4":"has-post-thumbnail","6":"product_cat-suvenyrai","8":"first","9":"instock","10":"taxable","11":"shipping-taxable","12":"purchasable","13":"product-type-simple"},"_links":{"self":[{"href":"https:\/\/www.atributika.vu.lt\/en\/wp-json\/wp\/v2\/product\/19554","targetHints":{"allow":["GET"]}}],"collection":[{"href":"https:\/\/www.atributika.vu.lt\/en\/wp-json\/wp\/v2\/product"}],"about":[{"href":"https:\/\/www.atributika.vu.lt\/en\/wp-json\/wp\/v2\/types\/product"}],"replies":[{"embeddable":true,"href":"https:\/\/www.atributika.vu.lt\/en\/wp-json\/wp\/v2\/comments?post=19554"}],"version-history":[{"count":3,"href":"https:\/\/www.atributika.vu.lt\/en\/wp-json\/wp\/v2\/product\/19554\/revisions"}],"predecessor-version":[{"id":19694,"href":"https:\/\/www.atributika.vu.lt\/en\/wp-json\/wp\/v2\/product\/19554\/revisions\/19694"}],"wp:featuredmedia":[{"embeddable":true,"href":"https:\/\/www.atributika.vu.lt\/en\/wp-json\/wp\/v2\/media\/19683"}],"wp:attachment":[{"href":"https:\/\/www.atributika.vu.lt\/en\/wp-json\/wp\/v2\/media?parent=19554"}],"wp:term":[{"taxonomy":"product_brand","embeddable":true,"href":"https:\/\/www.atributika.vu.lt\/en\/wp-json\/wp\/v2\/product_brand?post=19554"},{"taxonomy":"product_cat","embeddable":true,"href":"https:\/\/www.atributika.vu.lt\/en\/wp-json\/wp\/v2\/product_cat?post=19554"},{"taxonomy":"product_tag","embeddable":true,"href":"https:\/\/www.atributika.vu.lt\/en\/wp-json\/wp\/v2\/product_tag?post=19554"}],"curies":[{"name":"wp","href":"https:\/\/api.w.org\/{rel}","templated":true}]}}