{"id":19556,"date":"2025-10-30T16:01:51","date_gmt":"2025-10-30T14:01:51","guid":{"rendered":"https:\/\/www.atributika.vu.lt\/?post_type=product&#038;p=19556"},"modified":"2026-01-29T13:07:43","modified_gmt":"2026-01-29T11:07:43","slug":"nemo-intrat-in-caelum-nisi-per-philosophiam-dzemperis","status":"publish","type":"product","link":"https:\/\/www.atributika.vu.lt\/en\/parduotuve\/clothing\/hoodies\/nemo-intrat-in-caelum-nisi-per-philosophiam-dzemperis\/","title":{"rendered":"Nemo intrat in caelum nisi per philosophiam d\u017eemperis"},"content":{"rendered":"","protected":false},"excerpt":{"rendered":"<p>Universalus d\u017eemperis be gobtuvo su specialiu Filosofijos fakulteto dizainu &#8211; spauda priekyje ir ant nugaros.<\/p>\n<p><strong>Med\u017eiaga:<\/strong>\u00a080% \u017eiedinio verpimo medviln\u0117; 20% poliesteris; Elastano apsiuvai rankov\u0117ms ir ties juosmeniu.<\/p>\n<p><strong>Savyb\u0117s:<\/strong>\u00a0Mink\u0161tas pamu\u0161alas; be gobtuvo.<\/p>\n<p><strong>Spauda:<\/strong>\u00a0\u0160ilkografija.<\/p>\n","protected":false},"featured_media":19681,"comment_status":"open","ping_status":"closed","template":"","meta":[],"product_brand":[],"product_cat":[67,159],"product_tag":[],"class_list":{"0":"post-19556","1":"product","2":"type-product","3":"status-publish","4":"has-post-thumbnail","6":"product_cat-apranga","7":"product_cat-dzemperiai","9":"first","10":"instock","11":"taxable","12":"shipping-taxable","13":"purchasable","14":"product-type-variable"},"_links":{"self":[{"href":"https:\/\/www.atributika.vu.lt\/en\/wp-json\/wp\/v2\/product\/19556","targetHints":{"allow":["GET"]}}],"collection":[{"href":"https:\/\/www.atributika.vu.lt\/en\/wp-json\/wp\/v2\/product"}],"about":[{"href":"https:\/\/www.atributika.vu.lt\/en\/wp-json\/wp\/v2\/types\/product"}],"replies":[{"embeddable":true,"href":"https:\/\/www.atributika.vu.lt\/en\/wp-json\/wp\/v2\/comments?post=19556"}],"version-history":[{"count":4,"href":"https:\/\/www.atributika.vu.lt\/en\/wp-json\/wp\/v2\/product\/19556\/revisions"}],"predecessor-version":[{"id":19702,"href":"https:\/\/www.atributika.vu.lt\/en\/wp-json\/wp\/v2\/product\/19556\/revisions\/19702"}],"wp:featuredmedia":[{"embeddable":true,"href":"https:\/\/www.atributika.vu.lt\/en\/wp-json\/wp\/v2\/media\/19681"}],"wp:attachment":[{"href":"https:\/\/www.atributika.vu.lt\/en\/wp-json\/wp\/v2\/media?parent=19556"}],"wp:term":[{"taxonomy":"product_brand","embeddable":true,"href":"https:\/\/www.atributika.vu.lt\/en\/wp-json\/wp\/v2\/product_brand?post=19556"},{"taxonomy":"product_cat","embeddable":true,"href":"https:\/\/www.atributika.vu.lt\/en\/wp-json\/wp\/v2\/product_cat?post=19556"},{"taxonomy":"product_tag","embeddable":true,"href":"https:\/\/www.atributika.vu.lt\/en\/wp-json\/wp\/v2\/product_tag?post=19556"}],"curies":[{"name":"wp","href":"https:\/\/api.w.org\/{rel}","templated":true}]}}