{"id":19564,"date":"2025-10-30T16:02:00","date_gmt":"2025-10-30T14:02:00","guid":{"rendered":"https:\/\/www.atributika.vu.lt\/?post_type=product&#038;p=19564"},"modified":"2026-04-08T11:18:44","modified_gmt":"2026-04-08T08:18:44","slug":"nemo-intrat-in-caelum-nisi-per-philosophiam-marskineliai","status":"publish","type":"product","link":"https:\/\/www.atributika.vu.lt\/en\/parduotuve\/clothing\/t-shirts\/nemo-intrat-in-caelum-nisi-per-philosophiam-marskineliai\/","title":{"rendered":"Nemo intrat in caelum nisi per philosophiam mar\u0161kin\u0117liai"},"content":{"rendered":"","protected":false},"excerpt":{"rendered":"<p>Mar\u0161kin\u0117liai su spauda priekyje ir ant nugaros.<br \/>\nMed\u017eiaga: 100% \u017eiedinio verpimo medviln\u0117;<br \/>\nLogotipas: \u0160ilkografija.<\/p>\n<p>&nbsp;<\/p>\n","protected":false},"featured_media":19679,"comment_status":"open","ping_status":"closed","template":"","meta":[],"product_brand":[],"product_cat":[67,158],"product_tag":[],"class_list":{"0":"post-19564","1":"product","2":"type-product","3":"status-publish","4":"has-post-thumbnail","6":"product_cat-apranga","7":"product_cat-marskineliai","9":"first","10":"instock","11":"taxable","12":"shipping-taxable","13":"purchasable","14":"product-type-variable"},"_links":{"self":[{"href":"https:\/\/www.atributika.vu.lt\/en\/wp-json\/wp\/v2\/product\/19564","targetHints":{"allow":["GET"]}}],"collection":[{"href":"https:\/\/www.atributika.vu.lt\/en\/wp-json\/wp\/v2\/product"}],"about":[{"href":"https:\/\/www.atributika.vu.lt\/en\/wp-json\/wp\/v2\/types\/product"}],"replies":[{"embeddable":true,"href":"https:\/\/www.atributika.vu.lt\/en\/wp-json\/wp\/v2\/comments?post=19564"}],"version-history":[{"count":5,"href":"https:\/\/www.atributika.vu.lt\/en\/wp-json\/wp\/v2\/product\/19564\/revisions"}],"predecessor-version":[{"id":19700,"href":"https:\/\/www.atributika.vu.lt\/en\/wp-json\/wp\/v2\/product\/19564\/revisions\/19700"}],"wp:featuredmedia":[{"embeddable":true,"href":"https:\/\/www.atributika.vu.lt\/en\/wp-json\/wp\/v2\/media\/19679"}],"wp:attachment":[{"href":"https:\/\/www.atributika.vu.lt\/en\/wp-json\/wp\/v2\/media?parent=19564"}],"wp:term":[{"taxonomy":"product_brand","embeddable":true,"href":"https:\/\/www.atributika.vu.lt\/en\/wp-json\/wp\/v2\/product_brand?post=19564"},{"taxonomy":"product_cat","embeddable":true,"href":"https:\/\/www.atributika.vu.lt\/en\/wp-json\/wp\/v2\/product_cat?post=19564"},{"taxonomy":"product_tag","embeddable":true,"href":"https:\/\/www.atributika.vu.lt\/en\/wp-json\/wp\/v2\/product_tag?post=19564"}],"curies":[{"name":"wp","href":"https:\/\/api.w.org\/{rel}","templated":true}]}}