{"id":19631,"date":"2025-10-28T17:39:39","date_gmt":"2025-10-28T15:39:39","guid":{"rendered":"https:\/\/www.atributika.vu.lt\/?post_type=product&#038;p=19631"},"modified":"2026-04-07T12:39:32","modified_gmt":"2026-04-07T09:39:32","slug":"pin-zenkliukas-the-other-dream-team","status":"publish","type":"product","link":"https:\/\/www.atributika.vu.lt\/en\/parduotuve\/lithuanian-basketball-merchandise\/pin-zenkliukas-the-other-dream-team\/","title":{"rendered":"Pin \u017eenkliukas &#8220;The Other Dream Team&#8221;"},"content":{"rendered":"","protected":false},"excerpt":{"rendered":"<p>\u0160is i\u0161skirtinis \u017eenkliukas yra sukurtas Lietuvos krep\u0161inio 100-me\u010dio proga, pagerbiant legendin\u0119 1992 m. \u201eThe Other Dream Team\u201c istorij\u0105. \u017denkliuko dizainas perteikia \u012fkvepian\u010di\u0105 Lietuvos krep\u0161inio dvasi\u0105 \u2013 nuo triumfo iki pasidid\u017eiavimo. Tai puikus aksesuaras tikriems krep\u0161inio fanams, kurie nori prisiminti istorinius momentus ir parodyti savo palaikym\u0105 Lietuvos krep\u0161iniui!<\/p>\n<p>Tai puikus kasdienio stiliaus papildymas, suteikiantis tavo aprangai i\u0161skirtinum\u0105.<\/p>\n<p>Sud\u0117tis: \u017dalvaris ir spalvotas emalis;<br \/>\nDydis: Auk\u0161tis: 3,5 cm, Plotis: 2,3 cm;<br \/>\nU\u017esegimas: \u201eButterfly Clutch\u201c;<br \/>\nPakuot\u0117: Kortel\u0117 su individualiu dizainu, puikiai tinkama dovanoti.<\/p>\n","protected":false},"featured_media":19632,"comment_status":"open","ping_status":"closed","template":"","meta":[],"product_brand":[],"product_cat":[325,15],"product_tag":[],"class_list":{"0":"post-19631","1":"product","2":"type-product","3":"status-publish","4":"has-post-thumbnail","6":"product_cat-lietuvos-krepsinio-atributika","7":"product_cat-visos-prekes","9":"first","10":"instock","11":"taxable","12":"shipping-taxable","13":"purchasable","14":"product-type-simple"},"_links":{"self":[{"href":"https:\/\/www.atributika.vu.lt\/en\/wp-json\/wp\/v2\/product\/19631","targetHints":{"allow":["GET"]}}],"collection":[{"href":"https:\/\/www.atributika.vu.lt\/en\/wp-json\/wp\/v2\/product"}],"about":[{"href":"https:\/\/www.atributika.vu.lt\/en\/wp-json\/wp\/v2\/types\/product"}],"replies":[{"embeddable":true,"href":"https:\/\/www.atributika.vu.lt\/en\/wp-json\/wp\/v2\/comments?post=19631"}],"version-history":[{"count":2,"href":"https:\/\/www.atributika.vu.lt\/en\/wp-json\/wp\/v2\/product\/19631\/revisions"}],"predecessor-version":[{"id":19952,"href":"https:\/\/www.atributika.vu.lt\/en\/wp-json\/wp\/v2\/product\/19631\/revisions\/19952"}],"wp:featuredmedia":[{"embeddable":true,"href":"https:\/\/www.atributika.vu.lt\/en\/wp-json\/wp\/v2\/media\/19632"}],"wp:attachment":[{"href":"https:\/\/www.atributika.vu.lt\/en\/wp-json\/wp\/v2\/media?parent=19631"}],"wp:term":[{"taxonomy":"product_brand","embeddable":true,"href":"https:\/\/www.atributika.vu.lt\/en\/wp-json\/wp\/v2\/product_brand?post=19631"},{"taxonomy":"product_cat","embeddable":true,"href":"https:\/\/www.atributika.vu.lt\/en\/wp-json\/wp\/v2\/product_cat?post=19631"},{"taxonomy":"product_tag","embeddable":true,"href":"https:\/\/www.atributika.vu.lt\/en\/wp-json\/wp\/v2\/product_tag?post=19631"}],"curies":[{"name":"wp","href":"https:\/\/api.w.org\/{rel}","templated":true}]}}