{"id":19635,"date":"2025-10-28T17:39:14","date_gmt":"2025-10-28T15:39:14","guid":{"rendered":"https:\/\/www.atributika.vu.lt\/?post_type=product&#038;p=19635"},"modified":"2026-04-07T15:38:53","modified_gmt":"2026-04-07T12:38:53","slug":"green-tie-dye-marskineliai","status":"publish","type":"product","link":"https:\/\/www.atributika.vu.lt\/en\/parduotuve\/lithuanian-basketball-merchandise\/green-tie-dye-marskineliai\/","title":{"rendered":"Green Tie-Dye mar\u0161kin\u0117liai"},"content":{"rendered":"","protected":false},"excerpt":{"rendered":"<p>Rank\u0173 darbo da\u017eyti krep\u0161inio sirgaliaus mar\u0161kin\u0117liai \u012fkvepia unikalumu ir \u0161alies patrioti\u0161kumu. Jie puo\u0161iami originaliu skeleto pie\u0161iniu, kuris suteikia jiems charakterio ir \u017eavesio. Kiekvienas mar\u0161kin\u0117lis yra unikalus ir i\u0161skirtinis. \u012esigykite \u0161iuos unikalius mar\u0161kin\u0117lius ir pasinerkite \u012f krep\u0161inio aistr\u0105 su stiliaus ir i\u0161skirtinumo akcentais!<\/p>\n<p>Savyb\u0117s:<\/p>\n<ul>\n<li>Rank\u0173 darbo da\u017eyti mar\u0161kin\u0117liai;<\/li>\n<li>Spalva: \u017dalia, balta;<\/li>\n<li>Med\u017eiaga: 100% medviln\u0117;<\/li>\n<li>Rankov\u0117s: Trumpos;<\/li>\n<li>U\u017era\u0161as: \u201eLITHUANIA\u201d;<\/li>\n<li>Stilius: Laisvalaikio;<\/li>\n<li>Pagaminta: Lietuvoje.<\/li>\n<\/ul>\n","protected":false},"featured_media":19636,"comment_status":"open","ping_status":"closed","template":"","meta":[],"product_brand":[],"product_cat":[325,15],"product_tag":[],"class_list":{"0":"post-19635","1":"product","2":"type-product","3":"status-publish","4":"has-post-thumbnail","6":"product_cat-lietuvos-krepsinio-atributika","7":"product_cat-visos-prekes","9":"first","10":"instock","11":"taxable","12":"shipping-taxable","13":"purchasable","14":"product-type-variable"},"_links":{"self":[{"href":"https:\/\/www.atributika.vu.lt\/en\/wp-json\/wp\/v2\/product\/19635","targetHints":{"allow":["GET"]}}],"collection":[{"href":"https:\/\/www.atributika.vu.lt\/en\/wp-json\/wp\/v2\/product"}],"about":[{"href":"https:\/\/www.atributika.vu.lt\/en\/wp-json\/wp\/v2\/types\/product"}],"replies":[{"embeddable":true,"href":"https:\/\/www.atributika.vu.lt\/en\/wp-json\/wp\/v2\/comments?post=19635"}],"version-history":[{"count":3,"href":"https:\/\/www.atributika.vu.lt\/en\/wp-json\/wp\/v2\/product\/19635\/revisions"}],"predecessor-version":[{"id":19981,"href":"https:\/\/www.atributika.vu.lt\/en\/wp-json\/wp\/v2\/product\/19635\/revisions\/19981"}],"wp:featuredmedia":[{"embeddable":true,"href":"https:\/\/www.atributika.vu.lt\/en\/wp-json\/wp\/v2\/media\/19636"}],"wp:attachment":[{"href":"https:\/\/www.atributika.vu.lt\/en\/wp-json\/wp\/v2\/media?parent=19635"}],"wp:term":[{"taxonomy":"product_brand","embeddable":true,"href":"https:\/\/www.atributika.vu.lt\/en\/wp-json\/wp\/v2\/product_brand?post=19635"},{"taxonomy":"product_cat","embeddable":true,"href":"https:\/\/www.atributika.vu.lt\/en\/wp-json\/wp\/v2\/product_cat?post=19635"},{"taxonomy":"product_tag","embeddable":true,"href":"https:\/\/www.atributika.vu.lt\/en\/wp-json\/wp\/v2\/product_tag?post=19635"}],"curies":[{"name":"wp","href":"https:\/\/api.w.org\/{rel}","templated":true}]}}