{"id":19660,"date":"2025-10-28T17:38:45","date_gmt":"2025-10-28T15:38:45","guid":{"rendered":"https:\/\/www.atributika.vu.lt\/?post_type=product&#038;p=19660"},"modified":"2026-04-09T14:35:00","modified_gmt":"2026-04-09T11:35:00","slug":"vaikiski-tie-dye-marskineliai","status":"publish","type":"product","link":"https:\/\/www.atributika.vu.lt\/en\/parduotuve\/lithuanian-basketball-merchandise\/vaikiski-tie-dye-marskineliai\/","title":{"rendered":"Vaiki\u0161ki Tie-Dye mar\u0161kin\u0117liai"},"content":{"rendered":"","protected":false},"excerpt":{"rendered":"<p>Lietuvos krep\u0161inio \u0161imtme\u010diui pamin\u0117ti, sukurti \u0161ventiniai mar\u0161kin\u0117liai. J\u0173 \u012fkv\u0117pimu tapo 1992-\u0173j\u0173 Barselonos olimpini\u0173 \u017eaidyni\u0173 bronzin\u0117s rinktin\u0117s apranga, kuri\u0105 krep\u0161ininkai d\u0117v\u0117jo medali\u0173 \u012fteikimo ceremonijos metu.<\/p>\n<p>Nepriklausomyb\u0119 atgavusios Lietuvos vyr\u0173 krep\u0161inio rinktin\u0117 1992-aisais stokojo l\u0117\u0161\u0173 keliauti \u012f olimpines \u017eaidynes Ispanijoje. Lietuviams \u012f pagalb\u0105 at\u0117jo legendin\u0117 roko grup\u0117 \u201cThe Grateful Dead\u201d. Amerikie\u010diai suk\u016br\u0117 ir paramos koncerte pristat\u0117 mar\u0161kin\u0117lius su skeletu, dedan\u010diu \u012f krep\u0161\u012f. Surinktos l\u0117\u0161os pad\u0117jo krep\u0161ininkams i\u0161vykti \u012f olimpines \u017eaidynes ir kovoti d\u0117l medali\u0173. Nepaisant vis\u0173 draudim\u0173 vilk\u0117ti Olimpinio komiteto nepatvirtint\u0173 drabu\u017ei\u0173 ir simbolik\u0173, lietuviai ant apdovanojim\u0173 pakylos \u017eeng\u0117 su \u201eThe Grateful Dead\u201d mar\u0161kin\u0117liais. Taip legendinis krep\u0161inio skeletas dar labiau i\u0161populiar\u0117jo, o Lietuvos komanda tapo \u017einoma, kaip kita svajoni\u0173 komanda.<\/p>\n<p>Savyb\u0117s:<\/p>\n<ul>\n<li>Rank\u0173 darbo da\u017eyti mar\u0161kin\u0117liai;<\/li>\n<li>Spalva: Geltona, \u017ealia, raudona;<\/li>\n<li>Med\u017eiaga: 100% medviln\u0117;<\/li>\n<li>Rankov\u0117s: Trumpos;<\/li>\n<li>U\u017era\u0161as: \u201eLITHUANIA\u201d;<\/li>\n<li>Stilius: Laisvalaikio;<\/li>\n<li>Pagaminta: Lietuvoje.<\/li>\n<\/ul>\n","protected":false},"featured_media":19661,"comment_status":"open","ping_status":"closed","template":"","meta":[],"product_brand":[],"product_cat":[325,15],"product_tag":[],"class_list":{"0":"post-19660","1":"product","2":"type-product","3":"status-publish","4":"has-post-thumbnail","6":"product_cat-lietuvos-krepsinio-atributika","7":"product_cat-visos-prekes","9":"first","10":"instock","11":"taxable","12":"shipping-taxable","13":"purchasable","14":"product-type-variable"},"_links":{"self":[{"href":"https:\/\/www.atributika.vu.lt\/en\/wp-json\/wp\/v2\/product\/19660","targetHints":{"allow":["GET"]}}],"collection":[{"href":"https:\/\/www.atributika.vu.lt\/en\/wp-json\/wp\/v2\/product"}],"about":[{"href":"https:\/\/www.atributika.vu.lt\/en\/wp-json\/wp\/v2\/types\/product"}],"replies":[{"embeddable":true,"href":"https:\/\/www.atributika.vu.lt\/en\/wp-json\/wp\/v2\/comments?post=19660"}],"version-history":[{"count":1,"href":"https:\/\/www.atributika.vu.lt\/en\/wp-json\/wp\/v2\/product\/19660\/revisions"}],"predecessor-version":[{"id":19668,"href":"https:\/\/www.atributika.vu.lt\/en\/wp-json\/wp\/v2\/product\/19660\/revisions\/19668"}],"wp:featuredmedia":[{"embeddable":true,"href":"https:\/\/www.atributika.vu.lt\/en\/wp-json\/wp\/v2\/media\/19661"}],"wp:attachment":[{"href":"https:\/\/www.atributika.vu.lt\/en\/wp-json\/wp\/v2\/media?parent=19660"}],"wp:term":[{"taxonomy":"product_brand","embeddable":true,"href":"https:\/\/www.atributika.vu.lt\/en\/wp-json\/wp\/v2\/product_brand?post=19660"},{"taxonomy":"product_cat","embeddable":true,"href":"https:\/\/www.atributika.vu.lt\/en\/wp-json\/wp\/v2\/product_cat?post=19660"},{"taxonomy":"product_tag","embeddable":true,"href":"https:\/\/www.atributika.vu.lt\/en\/wp-json\/wp\/v2\/product_tag?post=19660"}],"curies":[{"name":"wp","href":"https:\/\/api.w.org\/{rel}","templated":true}]}}