{"id":19993,"date":"2026-01-05T11:24:06","date_gmt":"2026-01-05T09:24:06","guid":{"rendered":"https:\/\/www.atributika.vu.lt\/?post_type=product&#038;p=19993"},"modified":"2026-04-08T11:17:37","modified_gmt":"2026-04-08T08:17:37","slug":"issaugotas-laikrodis","status":"publish","type":"product","link":"https:\/\/www.atributika.vu.lt\/en\/parduotuve\/production-of-vilnius-university-press\/issaugotas-laikrodis\/","title":{"rendered":"I\u0161saugotas laikrodis"},"content":{"rendered":"","protected":false},"excerpt":{"rendered":"<p>\u201eI\u0161saugotas laikrodis\u201c \u2013 knygel\u0117, kurioje daug spalving\u0173 istorini\u0173 asmenybi\u0173, \u012fvyki\u0173, pasakojim\u0173 apie spar\u010diai b\u0117gant\u012f laik\u0105 ir i\u0161saugotus prisiminimus, prarastas ir susigr\u0105\u017eintas vertybes, bibliotekoje dirbusius ir savo p\u0117dsak\u0105 jos istorijoje palikusius nepaprastus \u017emones. Ne tik bibliotekos turtai, bet ir pastatai, koridoriai pasakoja daug \u012fdomi\u0173, paslapting\u0173 dalyk\u0173, pa\u017eenklint\u0173 laiko, kur\u012f ka\u017ekada skai\u010diavo ir tikslus observatorijos bok\u0161telio laikrodis. Istorijos apie kulk\u0105 spintoje, netik\u0117tus objektus, apie iki au\u0161ros visiems atvir\u0105 karaliaus \u012fkurt\u0105 bibliotek\u0105 atspindi ilg\u0105 ir turting\u0105 bibliotekos istorij\u0105.<\/p>\n<p>Lietuvi\u0173 kalba<\/p>\n<p>Mink\u0161tas vir\u0161elis<br \/>\nLeidimo metai: 2025<\/p>\n<p>Puslapi\u0173 skai\u010dius: 92<\/p>\n<p>Autoriai: Nijol\u0117 Bulotait\u0117, Ramun\u0117 Gedvilait\u0117, Kristina Gudavi\u010dien\u0117, Irena Krivien\u0117, Marija \u0160abor\u0161inait\u0117, Jon\u0117 \u0160ulcait\u0117 &#8211; Brollo<\/p>\n<p>Vilniaus universiteto leidykla<br \/>\nISBN 9786090711941<\/p>\n","protected":false},"featured_media":20003,"comment_status":"open","ping_status":"closed","template":"","meta":[],"product_brand":[],"product_cat":[70],"product_tag":[],"class_list":{"0":"post-19993","1":"product","2":"type-product","3":"status-publish","4":"has-post-thumbnail","6":"product_cat-vilniaus-universiteto-leidyklos-produkcija","8":"first","9":"instock","10":"taxable","11":"shipping-taxable","12":"purchasable","13":"product-type-simple"},"_links":{"self":[{"href":"https:\/\/www.atributika.vu.lt\/en\/wp-json\/wp\/v2\/product\/19993","targetHints":{"allow":["GET"]}}],"collection":[{"href":"https:\/\/www.atributika.vu.lt\/en\/wp-json\/wp\/v2\/product"}],"about":[{"href":"https:\/\/www.atributika.vu.lt\/en\/wp-json\/wp\/v2\/types\/product"}],"replies":[{"embeddable":true,"href":"https:\/\/www.atributika.vu.lt\/en\/wp-json\/wp\/v2\/comments?post=19993"}],"version-history":[{"count":1,"href":"https:\/\/www.atributika.vu.lt\/en\/wp-json\/wp\/v2\/product\/19993\/revisions"}],"predecessor-version":[{"id":19995,"href":"https:\/\/www.atributika.vu.lt\/en\/wp-json\/wp\/v2\/product\/19993\/revisions\/19995"}],"wp:featuredmedia":[{"embeddable":true,"href":"https:\/\/www.atributika.vu.lt\/en\/wp-json\/wp\/v2\/media\/20003"}],"wp:attachment":[{"href":"https:\/\/www.atributika.vu.lt\/en\/wp-json\/wp\/v2\/media?parent=19993"}],"wp:term":[{"taxonomy":"product_brand","embeddable":true,"href":"https:\/\/www.atributika.vu.lt\/en\/wp-json\/wp\/v2\/product_brand?post=19993"},{"taxonomy":"product_cat","embeddable":true,"href":"https:\/\/www.atributika.vu.lt\/en\/wp-json\/wp\/v2\/product_cat?post=19993"},{"taxonomy":"product_tag","embeddable":true,"href":"https:\/\/www.atributika.vu.lt\/en\/wp-json\/wp\/v2\/product_tag?post=19993"}],"curies":[{"name":"wp","href":"https:\/\/api.w.org\/{rel}","templated":true}]}}