{"id":19996,"date":"2026-01-05T11:24:46","date_gmt":"2026-01-05T09:24:46","guid":{"rendered":"https:\/\/www.atributika.vu.lt\/?post_type=product&#038;p=19996"},"modified":"2026-04-13T16:56:40","modified_gmt":"2026-04-13T13:56:40","slug":"dreams-globes-and-memory","status":"publish","type":"product","link":"https:\/\/www.atributika.vu.lt\/en\/parduotuve\/production-of-vilnius-university-press\/dreams-globes-and-memory\/","title":{"rendered":"Dreams, Globes and Memory"},"content":{"rendered":"","protected":false},"excerpt":{"rendered":"<p>These brief accounts capture a small part of the past connected to Vilnius University Library. They tell of vivid historical figures and events, of the swift passage of time and memories preserved, of treasures lost and recovered, and of the remarkable people who worked at the Library and left their mark on its history. All of this comes together in a shared space &#8211; Vilnius University Library &#8211; rich with traces, stories, and lived experiences sustained by memory.<\/p>\n<p>Angl\u0173 kalba<\/p>\n<p>Mink\u0161tas vir\u0161elis<br \/>\nLeidimo metai: 2025<\/p>\n<p>Puslapi\u0173 skai\u010dius: 88<\/p>\n<p>Autoriai: Nijol\u0117 Bulotait\u0117, Ramun\u0117 Gedvilait\u0117, Kristina Gudavi\u010dien\u0117, Irena Krivien\u0117, Marija \u0160abor\u0161inait\u0117, Jon\u0117 \u0160ulcait\u0117 &#8211; Brollo<\/p>\n<p>Vilniaus universiteto leidykla<br \/>\nISBN 9786090711965<\/p>\n","protected":false},"featured_media":20005,"comment_status":"open","ping_status":"closed","template":"","meta":[],"product_brand":[],"product_cat":[70],"product_tag":[],"class_list":{"0":"post-19996","1":"product","2":"type-product","3":"status-publish","4":"has-post-thumbnail","6":"product_cat-vilniaus-universiteto-leidyklos-produkcija","8":"first","9":"instock","10":"taxable","11":"shipping-taxable","12":"purchasable","13":"product-type-simple"},"_links":{"self":[{"href":"https:\/\/www.atributika.vu.lt\/en\/wp-json\/wp\/v2\/product\/19996","targetHints":{"allow":["GET"]}}],"collection":[{"href":"https:\/\/www.atributika.vu.lt\/en\/wp-json\/wp\/v2\/product"}],"about":[{"href":"https:\/\/www.atributika.vu.lt\/en\/wp-json\/wp\/v2\/types\/product"}],"replies":[{"embeddable":true,"href":"https:\/\/www.atributika.vu.lt\/en\/wp-json\/wp\/v2\/comments?post=19996"}],"version-history":[{"count":1,"href":"https:\/\/www.atributika.vu.lt\/en\/wp-json\/wp\/v2\/product\/19996\/revisions"}],"predecessor-version":[{"id":19997,"href":"https:\/\/www.atributika.vu.lt\/en\/wp-json\/wp\/v2\/product\/19996\/revisions\/19997"}],"wp:featuredmedia":[{"embeddable":true,"href":"https:\/\/www.atributika.vu.lt\/en\/wp-json\/wp\/v2\/media\/20005"}],"wp:attachment":[{"href":"https:\/\/www.atributika.vu.lt\/en\/wp-json\/wp\/v2\/media?parent=19996"}],"wp:term":[{"taxonomy":"product_brand","embeddable":true,"href":"https:\/\/www.atributika.vu.lt\/en\/wp-json\/wp\/v2\/product_brand?post=19996"},{"taxonomy":"product_cat","embeddable":true,"href":"https:\/\/www.atributika.vu.lt\/en\/wp-json\/wp\/v2\/product_cat?post=19996"},{"taxonomy":"product_tag","embeddable":true,"href":"https:\/\/www.atributika.vu.lt\/en\/wp-json\/wp\/v2\/product_tag?post=19996"}],"curies":[{"name":"wp","href":"https:\/\/api.w.org\/{rel}","templated":true}]}}