{"id":20027,"date":"2026-01-14T14:49:17","date_gmt":"2026-01-14T12:49:17","guid":{"rendered":"https:\/\/www.atributika.vu.lt\/?post_type=product&#038;p=20027"},"modified":"2026-04-08T11:16:38","modified_gmt":"2026-04-08T08:16:38","slug":"business-english-leader","status":"publish","type":"product","link":"https:\/\/www.atributika.vu.lt\/en\/parduotuve\/production-of-vilnius-university-press\/business-english-leader\/","title":{"rendered":"Business English Leader"},"content":{"rendered":"","protected":false},"excerpt":{"rendered":"<p>This book will allow you to develop English language skills that are useful in an office or other business environments. It covers the most common business terms and useful phrases that can help you become a fluent and confident speaker in the 21st-century global marketplace.<\/p>\n<p>&#8212;&#8212;&#8212;&#8211;<\/p>\n<p>\u0160i Lauros Kild\u0117s knyga leid\u017eia lavinti angl\u0173 kalbos \u012fg\u016bd\u017eius, kurie pravers biure ar kitoje verslo aplinkoje. Joje pateikiami da\u017eniausiai pasitaikantys verslo terminai ir naudingos fraz\u0117s, kurios gali pad\u0117ti tapti skland\u017eiu ir pasitikin\u010diu kalb\u0117toju n\u016bdienos pasaulyje.<\/p>\n<p>Knyga yra angl\u0173 kalba. Jos pabaigoje pateikiami u\u017eduo\u010di\u0173 atsakymai.<\/p>\n<p>Laura Kild\u0117 yra profesionali angl\u0173 kalbos mokytoja, verslinink\u0117, lektor\u0117 ir knyg\u0173 autor\u0117. Ji \u012fgijo tarptautin\u0117s darbo patirties keliose \u0161alyse, \u012fskaitant Jungtin\u0119 Karalyst\u0119, Ispanij\u0105, Pranc\u016bzij\u0105, JAV ir Ruand\u0105. Autor\u0117 domisi naujovi\u0161k\u0173 mokymo metodik\u0173 k\u016brimu, veda mokymus asmenims, siekiantiems tobulinti savo angl\u0173 ir verslo angl\u0173 kalbos bendravimo \u012fg\u016bd\u017eius. Balansas. Harmonija. Disciplina ir strukt\u016bra \u2013 pagrindiniai veiksniai, kuriais yra grind\u017eiama Lauros ideologija.<\/p>\n","protected":false},"featured_media":20028,"comment_status":"open","ping_status":"closed","template":"","meta":[],"product_brand":[],"product_cat":[70],"product_tag":[],"class_list":{"0":"post-20027","1":"product","2":"type-product","3":"status-publish","4":"has-post-thumbnail","6":"product_cat-vilniaus-universiteto-leidyklos-produkcija","8":"first","9":"instock","10":"taxable","11":"shipping-taxable","12":"purchasable","13":"product-type-simple"},"_links":{"self":[{"href":"https:\/\/www.atributika.vu.lt\/en\/wp-json\/wp\/v2\/product\/20027","targetHints":{"allow":["GET"]}}],"collection":[{"href":"https:\/\/www.atributika.vu.lt\/en\/wp-json\/wp\/v2\/product"}],"about":[{"href":"https:\/\/www.atributika.vu.lt\/en\/wp-json\/wp\/v2\/types\/product"}],"replies":[{"embeddable":true,"href":"https:\/\/www.atributika.vu.lt\/en\/wp-json\/wp\/v2\/comments?post=20027"}],"version-history":[{"count":1,"href":"https:\/\/www.atributika.vu.lt\/en\/wp-json\/wp\/v2\/product\/20027\/revisions"}],"predecessor-version":[{"id":20030,"href":"https:\/\/www.atributika.vu.lt\/en\/wp-json\/wp\/v2\/product\/20027\/revisions\/20030"}],"wp:featuredmedia":[{"embeddable":true,"href":"https:\/\/www.atributika.vu.lt\/en\/wp-json\/wp\/v2\/media\/20028"}],"wp:attachment":[{"href":"https:\/\/www.atributika.vu.lt\/en\/wp-json\/wp\/v2\/media?parent=20027"}],"wp:term":[{"taxonomy":"product_brand","embeddable":true,"href":"https:\/\/www.atributika.vu.lt\/en\/wp-json\/wp\/v2\/product_brand?post=20027"},{"taxonomy":"product_cat","embeddable":true,"href":"https:\/\/www.atributika.vu.lt\/en\/wp-json\/wp\/v2\/product_cat?post=20027"},{"taxonomy":"product_tag","embeddable":true,"href":"https:\/\/www.atributika.vu.lt\/en\/wp-json\/wp\/v2\/product_tag?post=20027"}],"curies":[{"name":"wp","href":"https:\/\/api.w.org\/{rel}","templated":true}]}}