{"id":20064,"date":"2026-01-30T13:47:36","date_gmt":"2026-01-30T11:47:36","guid":{"rendered":"https:\/\/www.atributika.vu.lt\/?post_type=product&#038;p=20064"},"modified":"2026-04-08T11:16:10","modified_gmt":"2026-04-08T08:16:10","slug":"vu-vaikiskas-dzemperis-atributika","status":"publish","type":"product","link":"https:\/\/www.atributika.vu.lt\/en\/parduotuve\/clothing\/hoodies\/vu-vaikiskas-dzemperis-atributika\/","title":{"rendered":"VU vaiki\u0161kas d\u017eemperis"},"content":{"rendered":"","protected":false},"excerpt":{"rendered":"<p>Vilniaus universiteto vaiki\u0161kas d\u017eemperis.<\/p>\n<p>Sud\u0117tis &#8211; 70 proc. medviln\u0117, 30 proc. poliesteris.<\/p>\n<p>D\u017eemper\u012f galima rinktis i\u0161 trij\u0173 dyd\u017ei\u0173:<\/p>\n<ul>\n<li>5-6 metai (116cm);<\/li>\n<li>7-8 metai (128cm);<\/li>\n<li>9-11 met\u0173 (140cm).<\/li>\n<\/ul>\n","protected":false},"featured_media":17724,"comment_status":"open","ping_status":"closed","template":"","meta":[],"product_brand":[],"product_cat":[67,159,15],"product_tag":[],"class_list":{"0":"post-20064","1":"product","2":"type-product","3":"status-publish","4":"has-post-thumbnail","6":"product_cat-apranga","7":"product_cat-dzemperiai","8":"product_cat-visos-prekes","10":"first","11":"instock","12":"taxable","13":"shipping-taxable","14":"purchasable","15":"product-type-variable"},"_links":{"self":[{"href":"https:\/\/www.atributika.vu.lt\/en\/wp-json\/wp\/v2\/product\/20064","targetHints":{"allow":["GET"]}}],"collection":[{"href":"https:\/\/www.atributika.vu.lt\/en\/wp-json\/wp\/v2\/product"}],"about":[{"href":"https:\/\/www.atributika.vu.lt\/en\/wp-json\/wp\/v2\/types\/product"}],"replies":[{"embeddable":true,"href":"https:\/\/www.atributika.vu.lt\/en\/wp-json\/wp\/v2\/comments?post=20064"}],"version-history":[{"count":2,"href":"https:\/\/www.atributika.vu.lt\/en\/wp-json\/wp\/v2\/product\/20064\/revisions"}],"predecessor-version":[{"id":20356,"href":"https:\/\/www.atributika.vu.lt\/en\/wp-json\/wp\/v2\/product\/20064\/revisions\/20356"}],"wp:featuredmedia":[{"embeddable":true,"href":"https:\/\/www.atributika.vu.lt\/en\/wp-json\/wp\/v2\/media\/17724"}],"wp:attachment":[{"href":"https:\/\/www.atributika.vu.lt\/en\/wp-json\/wp\/v2\/media?parent=20064"}],"wp:term":[{"taxonomy":"product_brand","embeddable":true,"href":"https:\/\/www.atributika.vu.lt\/en\/wp-json\/wp\/v2\/product_brand?post=20064"},{"taxonomy":"product_cat","embeddable":true,"href":"https:\/\/www.atributika.vu.lt\/en\/wp-json\/wp\/v2\/product_cat?post=20064"},{"taxonomy":"product_tag","embeddable":true,"href":"https:\/\/www.atributika.vu.lt\/en\/wp-json\/wp\/v2\/product_tag?post=20064"}],"curies":[{"name":"wp","href":"https:\/\/api.w.org\/{rel}","templated":true}]}}