{"id":20330,"date":"2026-04-01T15:27:27","date_gmt":"2026-04-01T12:27:27","guid":{"rendered":"https:\/\/www.atributika.vu.lt\/?post_type=product&#038;p=20330"},"modified":"2026-04-01T15:27:27","modified_gmt":"2026-04-01T12:27:27","slug":"medicinos-eponimai","status":"publish","type":"product","link":"https:\/\/www.atributika.vu.lt\/en\/parduotuve\/production-of-vilnius-university-press\/medicinos-eponimai\/","title":{"rendered":"Medicinos eponimai"},"content":{"rendered":"","protected":false},"excerpt":{"rendered":"<p>Knygoje pateikti medicinoje vartojami eponimai (gr. eponymos \u2013 suteikiantis kam nors savo vard\u0105), apib\u016bdinantys konkre\u010di\u0105 lig\u0105, sindrom\u0105, ligos po\u017eym\u012f, \u017emogaus anatomin\u012f darin\u012f, medicinos priemon\u0119, mikrob\u0105, gydymo b\u016bd\u0105, profilaktikos priemon\u0119, m\u0117gin\u012f, reakcij\u0105. Trumpai ap\u017evelgtas gydytoj\u0173 ir mokslinink\u0173, pagerbt\u0173 eponimais, \u012fna\u0161as \u012f pasaulio medicin\u0105. B\u016bti pagerbtam eponimu yra mediko ir mokslininko \u012fvertinimas. Leidinyje taip pat aptarti ir kai kuri\u0173 kit\u0173 mokslo sri\u010di\u0173 eponimai.<\/p>\n<p>Lietuvi\u0173 kalba<\/p>\n<p>Kietas vir\u0161elis<br \/>\nLeidimo metai: 2024<\/p>\n<p>Puslapi\u0173 skai\u010dius: 536<br \/>\nAuk\u0161tis 24 cm, plotis 17 cm.<\/p>\n<p>Autorius: Rimgaudas Virgilijus Kazakevi\u010dius<\/p>\n<p>Vilniaus universiteto leidykla<br \/>\nISBN 9786090711040<\/p>\n","protected":false},"featured_media":20339,"comment_status":"open","ping_status":"closed","template":"","meta":[],"product_brand":[],"product_cat":[70],"product_tag":[],"class_list":{"0":"post-20330","1":"product","2":"type-product","3":"status-publish","4":"has-post-thumbnail","6":"product_cat-vilniaus-universiteto-leidyklos-produkcija","8":"first","9":"instock","10":"taxable","11":"shipping-taxable","12":"purchasable","13":"product-type-simple"},"_links":{"self":[{"href":"https:\/\/www.atributika.vu.lt\/en\/wp-json\/wp\/v2\/product\/20330","targetHints":{"allow":["GET"]}}],"collection":[{"href":"https:\/\/www.atributika.vu.lt\/en\/wp-json\/wp\/v2\/product"}],"about":[{"href":"https:\/\/www.atributika.vu.lt\/en\/wp-json\/wp\/v2\/types\/product"}],"replies":[{"embeddable":true,"href":"https:\/\/www.atributika.vu.lt\/en\/wp-json\/wp\/v2\/comments?post=20330"}],"version-history":[{"count":1,"href":"https:\/\/www.atributika.vu.lt\/en\/wp-json\/wp\/v2\/product\/20330\/revisions"}],"predecessor-version":[{"id":20331,"href":"https:\/\/www.atributika.vu.lt\/en\/wp-json\/wp\/v2\/product\/20330\/revisions\/20331"}],"wp:featuredmedia":[{"embeddable":true,"href":"https:\/\/www.atributika.vu.lt\/en\/wp-json\/wp\/v2\/media\/20339"}],"wp:attachment":[{"href":"https:\/\/www.atributika.vu.lt\/en\/wp-json\/wp\/v2\/media?parent=20330"}],"wp:term":[{"taxonomy":"product_brand","embeddable":true,"href":"https:\/\/www.atributika.vu.lt\/en\/wp-json\/wp\/v2\/product_brand?post=20330"},{"taxonomy":"product_cat","embeddable":true,"href":"https:\/\/www.atributika.vu.lt\/en\/wp-json\/wp\/v2\/product_cat?post=20330"},{"taxonomy":"product_tag","embeddable":true,"href":"https:\/\/www.atributika.vu.lt\/en\/wp-json\/wp\/v2\/product_tag?post=20330"}],"curies":[{"name":"wp","href":"https:\/\/api.w.org\/{rel}","templated":true}]}}