{"id":20391,"date":"2026-04-28T10:36:54","date_gmt":"2026-04-28T07:36:54","guid":{"rendered":"https:\/\/www.atributika.vu.lt\/?post_type=product&#038;p=20391"},"modified":"2026-04-28T21:20:18","modified_gmt":"2026-04-28T18:20:18","slug":"jablonskio-usu-atvirlaiskiai","status":"publish","type":"product","link":"https:\/\/www.atributika.vu.lt\/en\/parduotuve\/souvenirs\/jablonskio-usu-atvirlaiskiai\/","title":{"rendered":"&#8220;Jablonskio \u016bs\u0173&#8221; atvirlai\u0161kiai"},"content":{"rendered":"","protected":false},"excerpt":{"rendered":"<p>&#8220;Jablonskio \u016bs\u0173&#8221; komandos kurti atvirlai\u0161kiai su lietuvi\u0173 autoriais.<\/p>\n<p>I. Judita Vai\u010di\u016bnait\u0117<\/p>\n<p>Formatas: A6<\/p>\n<p>II. \u0160atrijos ragana<\/p>\n<p>Formatas: A6<\/p>\n<p>III. Martynas Ma\u017evydas<\/p>\n<p>Formatas: A6<\/p>\n<p>IV. Jonas Bili\u016bnas<\/p>\n<p>Formatas: A6<\/p>\n<p>V. Vincas Mykolaitis-Putinas<\/p>\n<p>Formatas: A6<\/p>\n<p>VI. Antanas \u0160k\u0117ma<\/p>\n<p>Formatas: A6<\/p>\n","protected":false},"featured_media":20421,"comment_status":"open","ping_status":"closed","template":"","meta":[],"product_brand":[],"product_cat":[69],"product_tag":[],"class_list":{"0":"post-20391","1":"product","2":"type-product","3":"status-publish","4":"has-post-thumbnail","6":"product_cat-suvenyrai","8":"first","9":"instock","10":"taxable","11":"shipping-taxable","12":"purchasable","13":"product-type-variable"},"_links":{"self":[{"href":"https:\/\/www.atributika.vu.lt\/en\/wp-json\/wp\/v2\/product\/20391","targetHints":{"allow":["GET"]}}],"collection":[{"href":"https:\/\/www.atributika.vu.lt\/en\/wp-json\/wp\/v2\/product"}],"about":[{"href":"https:\/\/www.atributika.vu.lt\/en\/wp-json\/wp\/v2\/types\/product"}],"replies":[{"embeddable":true,"href":"https:\/\/www.atributika.vu.lt\/en\/wp-json\/wp\/v2\/comments?post=20391"}],"version-history":[{"count":3,"href":"https:\/\/www.atributika.vu.lt\/en\/wp-json\/wp\/v2\/product\/20391\/revisions"}],"predecessor-version":[{"id":20423,"href":"https:\/\/www.atributika.vu.lt\/en\/wp-json\/wp\/v2\/product\/20391\/revisions\/20423"}],"wp:featuredmedia":[{"embeddable":true,"href":"https:\/\/www.atributika.vu.lt\/en\/wp-json\/wp\/v2\/media\/20421"}],"wp:attachment":[{"href":"https:\/\/www.atributika.vu.lt\/en\/wp-json\/wp\/v2\/media?parent=20391"}],"wp:term":[{"taxonomy":"product_brand","embeddable":true,"href":"https:\/\/www.atributika.vu.lt\/en\/wp-json\/wp\/v2\/product_brand?post=20391"},{"taxonomy":"product_cat","embeddable":true,"href":"https:\/\/www.atributika.vu.lt\/en\/wp-json\/wp\/v2\/product_cat?post=20391"},{"taxonomy":"product_tag","embeddable":true,"href":"https:\/\/www.atributika.vu.lt\/en\/wp-json\/wp\/v2\/product_tag?post=20391"}],"curies":[{"name":"wp","href":"https:\/\/api.w.org\/{rel}","templated":true}]}}