{"id":20446,"date":"2026-05-08T12:16:58","date_gmt":"2026-05-08T09:16:58","guid":{"rendered":"https:\/\/www.atributika.vu.lt\/?post_type=product&#038;p=20446"},"modified":"2026-05-08T12:16:58","modified_gmt":"2026-05-08T09:16:58","slug":"vu-sketis-trumpa-rankena","status":"publish","type":"product","link":"https:\/\/www.atributika.vu.lt\/en\/parduotuve\/souvenirs\/vu-sketis-trumpa-rankena\/","title":{"rendered":"VU sk\u0117tis (trumpa rankena)"},"content":{"rendered":"","protected":false},"excerpt":{"rendered":"<p>98 centimetr\u0173 diametro;<\/p>\n<p>automatinis, u\u017esegamas lipduku bei su ergonomi\u0161ka EVA rankena ir ne\u0161iojimo dir\u017eeliu;<\/p>\n<p>trumpa rankena;<\/p>\n<p>su \u0161ilkografine spauda \u201eVilniaus universitetas\u201d ant vienos panel\u0117s.<\/p>\n","protected":false},"featured_media":20457,"comment_status":"open","ping_status":"closed","template":"","meta":[],"product_brand":[],"product_cat":[69,68],"product_tag":[],"class_list":{"0":"post-20446","1":"product","2":"type-product","3":"status-publish","4":"has-post-thumbnail","6":"product_cat-suvenyrai","7":"product_cat-vilniaus-universiteto-isskirtines-prekes","9":"first","10":"instock","11":"taxable","12":"shipping-taxable","13":"purchasable","14":"product-type-simple"},"_links":{"self":[{"href":"https:\/\/www.atributika.vu.lt\/en\/wp-json\/wp\/v2\/product\/20446","targetHints":{"allow":["GET"]}}],"collection":[{"href":"https:\/\/www.atributika.vu.lt\/en\/wp-json\/wp\/v2\/product"}],"about":[{"href":"https:\/\/www.atributika.vu.lt\/en\/wp-json\/wp\/v2\/types\/product"}],"replies":[{"embeddable":true,"href":"https:\/\/www.atributika.vu.lt\/en\/wp-json\/wp\/v2\/comments?post=20446"}],"version-history":[{"count":2,"href":"https:\/\/www.atributika.vu.lt\/en\/wp-json\/wp\/v2\/product\/20446\/revisions"}],"predecessor-version":[{"id":20450,"href":"https:\/\/www.atributika.vu.lt\/en\/wp-json\/wp\/v2\/product\/20446\/revisions\/20450"}],"wp:featuredmedia":[{"embeddable":true,"href":"https:\/\/www.atributika.vu.lt\/en\/wp-json\/wp\/v2\/media\/20457"}],"wp:attachment":[{"href":"https:\/\/www.atributika.vu.lt\/en\/wp-json\/wp\/v2\/media?parent=20446"}],"wp:term":[{"taxonomy":"product_brand","embeddable":true,"href":"https:\/\/www.atributika.vu.lt\/en\/wp-json\/wp\/v2\/product_brand?post=20446"},{"taxonomy":"product_cat","embeddable":true,"href":"https:\/\/www.atributika.vu.lt\/en\/wp-json\/wp\/v2\/product_cat?post=20446"},{"taxonomy":"product_tag","embeddable":true,"href":"https:\/\/www.atributika.vu.lt\/en\/wp-json\/wp\/v2\/product_tag?post=20446"}],"curies":[{"name":"wp","href":"https:\/\/api.w.org\/{rel}","templated":true}]}}