{"id":20463,"date":"2026-05-12T12:28:31","date_gmt":"2026-05-12T09:28:31","guid":{"rendered":"https:\/\/www.atributika.vu.lt\/?post_type=product&#038;p=20463"},"modified":"2026-05-12T12:48:18","modified_gmt":"2026-05-12T09:48:18","slug":"ipakuotas-rinkinys-su-termosu-ir-arbata","status":"publish","type":"product","link":"https:\/\/www.atributika.vu.lt\/en\/parduotuve\/souvenirs\/ipakuotas-rinkinys-su-termosu-ir-arbata\/","title":{"rendered":"\u012epakuotas rinkinys su termosu ir arbata"},"content":{"rendered":"","protected":false},"excerpt":{"rendered":"<p>Rinkin\u012f sudaro metalinis termosas su graviruotu Vilniaus universiteto logotipu bei pasirinkta arbata: \u017ealioji, juodoji arba vaisin\u0117.<\/p>\n<p>Siekiant, kad dovan\u0173 rinkinys i\u0161laikyt\u0173 savo originali\u0105 pakuot\u0119 nepa\u017eeist\u0105, rinkiniai n\u0117ra siun\u010diami, juos kvie\u010diame \u012fsigyti arba m\u016bs\u0173 fizin\u0117je parduotuv\u0117je, arba perkant internetu pasirinkti atsi\u0117mim\u0105 vietoje.<\/p>\n","protected":false},"featured_media":20488,"comment_status":"open","ping_status":"closed","template":"","meta":[],"product_brand":[],"product_cat":[69,327,68],"product_tag":[],"class_list":{"0":"post-20463","1":"product","2":"type-product","3":"status-publish","4":"has-post-thumbnail","6":"product_cat-suvenyrai","7":"product_cat-tik-atsiemimas","8":"product_cat-vilniaus-universiteto-isskirtines-prekes","10":"first","11":"instock","12":"taxable","13":"shipping-taxable","14":"purchasable","15":"product-type-variable"},"_links":{"self":[{"href":"https:\/\/www.atributika.vu.lt\/en\/wp-json\/wp\/v2\/product\/20463","targetHints":{"allow":["GET"]}}],"collection":[{"href":"https:\/\/www.atributika.vu.lt\/en\/wp-json\/wp\/v2\/product"}],"about":[{"href":"https:\/\/www.atributika.vu.lt\/en\/wp-json\/wp\/v2\/types\/product"}],"replies":[{"embeddable":true,"href":"https:\/\/www.atributika.vu.lt\/en\/wp-json\/wp\/v2\/comments?post=20463"}],"version-history":[{"count":1,"href":"https:\/\/www.atributika.vu.lt\/en\/wp-json\/wp\/v2\/product\/20463\/revisions"}],"predecessor-version":[{"id":20467,"href":"https:\/\/www.atributika.vu.lt\/en\/wp-json\/wp\/v2\/product\/20463\/revisions\/20467"}],"wp:featuredmedia":[{"embeddable":true,"href":"https:\/\/www.atributika.vu.lt\/en\/wp-json\/wp\/v2\/media\/20488"}],"wp:attachment":[{"href":"https:\/\/www.atributika.vu.lt\/en\/wp-json\/wp\/v2\/media?parent=20463"}],"wp:term":[{"taxonomy":"product_brand","embeddable":true,"href":"https:\/\/www.atributika.vu.lt\/en\/wp-json\/wp\/v2\/product_brand?post=20463"},{"taxonomy":"product_cat","embeddable":true,"href":"https:\/\/www.atributika.vu.lt\/en\/wp-json\/wp\/v2\/product_cat?post=20463"},{"taxonomy":"product_tag","embeddable":true,"href":"https:\/\/www.atributika.vu.lt\/en\/wp-json\/wp\/v2\/product_tag?post=20463"}],"curies":[{"name":"wp","href":"https:\/\/api.w.org\/{rel}","templated":true}]}}