{"id":20468,"date":"2026-05-12T12:26:25","date_gmt":"2026-05-12T09:26:25","guid":{"rendered":"https:\/\/www.atributika.vu.lt\/?post_type=product&#038;p=20468"},"modified":"2026-05-12T12:48:38","modified_gmt":"2026-05-12T09:48:38","slug":"ipakuotas-rinkinys-su-porcelianiniu-puodeliu-ir-arbata","status":"publish","type":"product","link":"https:\/\/www.atributika.vu.lt\/en\/parduotuve\/souvenirs\/ipakuotas-rinkinys-su-porcelianiniu-puodeliu-ir-arbata\/","title":{"rendered":"\u012epakuotas rinkinys su porcelianiniu puodeliu ir arbata"},"content":{"rendered":"","protected":false},"excerpt":{"rendered":"<p>Rinkin\u012f sudaro pasirinktas porcelianinis puodelis (bordo arba pilkas) ir pasirinkto skonio arbata: vaisin\u0117, \u017ealioji arba juodoji.<\/p>\n<p>Siekiant, kad dovan\u0173 rinkinys i\u0161laikyt\u0173 savo originali\u0105 pakuot\u0119 nepa\u017eeist\u0105, rinkiniai n\u0117ra siun\u010diami, juos kvie\u010diame \u012fsigyti arba m\u016bs\u0173 fizin\u0117je parduotuv\u0117je, arba perkant internetu pasirinkti atsi\u0117mim\u0105 vietoje.<\/p>\n","protected":false},"featured_media":20486,"comment_status":"open","ping_status":"closed","template":"","meta":[],"product_brand":[],"product_cat":[69,327,68],"product_tag":[],"class_list":{"0":"post-20468","1":"product","2":"type-product","3":"status-publish","4":"has-post-thumbnail","6":"product_cat-suvenyrai","7":"product_cat-tik-atsiemimas","8":"product_cat-vilniaus-universiteto-isskirtines-prekes","10":"first","11":"instock","12":"taxable","13":"shipping-taxable","14":"product-type-variable"},"_links":{"self":[{"href":"https:\/\/www.atributika.vu.lt\/en\/wp-json\/wp\/v2\/product\/20468","targetHints":{"allow":["GET"]}}],"collection":[{"href":"https:\/\/www.atributika.vu.lt\/en\/wp-json\/wp\/v2\/product"}],"about":[{"href":"https:\/\/www.atributika.vu.lt\/en\/wp-json\/wp\/v2\/types\/product"}],"replies":[{"embeddable":true,"href":"https:\/\/www.atributika.vu.lt\/en\/wp-json\/wp\/v2\/comments?post=20468"}],"version-history":[{"count":3,"href":"https:\/\/www.atributika.vu.lt\/en\/wp-json\/wp\/v2\/product\/20468\/revisions"}],"predecessor-version":[{"id":20481,"href":"https:\/\/www.atributika.vu.lt\/en\/wp-json\/wp\/v2\/product\/20468\/revisions\/20481"}],"wp:featuredmedia":[{"embeddable":true,"href":"https:\/\/www.atributika.vu.lt\/en\/wp-json\/wp\/v2\/media\/20486"}],"wp:attachment":[{"href":"https:\/\/www.atributika.vu.lt\/en\/wp-json\/wp\/v2\/media?parent=20468"}],"wp:term":[{"taxonomy":"product_brand","embeddable":true,"href":"https:\/\/www.atributika.vu.lt\/en\/wp-json\/wp\/v2\/product_brand?post=20468"},{"taxonomy":"product_cat","embeddable":true,"href":"https:\/\/www.atributika.vu.lt\/en\/wp-json\/wp\/v2\/product_cat?post=20468"},{"taxonomy":"product_tag","embeddable":true,"href":"https:\/\/www.atributika.vu.lt\/en\/wp-json\/wp\/v2\/product_tag?post=20468"}],"curies":[{"name":"wp","href":"https:\/\/api.w.org\/{rel}","templated":true}]}}